{"id":4198,"date":"2020-01-23T21:12:08","date_gmt":"2020-01-24T04:12:08","guid":{"rendered":"http:\/\/blogs.unsw.edu.au\/clic\/?page_id=4198"},"modified":"2020-01-28T00:05:20","modified_gmt":"2020-01-28T07:05:20","slug":"experiment-3","status":"publish","type":"page","link":"https:\/\/blogs.unsw.edu.au\/clic\/teja-2\/experiment-3\/","title":{"rendered":"Experiment 3"},"content":{"rendered":"<h3>Making the invisible visible<\/h3>\n<p>In my 3rd experiment I stepped out of the digital world and dived into the analogue world of painting. By chance I found a notebook with transparent covers. The transparency and the different levels in it encouraged me to experiment. Page after page I filled with Prussian blue ink.<\/p>\n\n\t\t<style type=\"text\/css\">\n\t\t\t#gallery-1 {\n\t\t\t\tmargin: auto;\n\t\t\t}\n\t\t\t#gallery-1 .gallery-item {\n\t\t\t\tfloat: left;\n\t\t\t\tmargin-top: 10px;\n\t\t\t\ttext-align: center;\n\t\t\t\twidth: 33%;\n\t\t\t}\n\t\t\t#gallery-1 img {\n\t\t\t\tborder: 2px solid #cfcfcf;\n\t\t\t}\n\t\t\t#gallery-1 .gallery-caption {\n\t\t\t\tmargin-left: 0;\n\t\t\t}\n\t\t\t\/* see gallery_shortcode() in wp-includes\/media.php *\/\n\t\t<\/style>\n\t\t<div id='gallery-1' class='gallery galleryid-4198 gallery-columns-3 gallery-size-thumbnail'><dl class='gallery-item'>\n\t\t\t<dt class='gallery-icon portrait'>\n\t\t\t\t<a href='https:\/\/blogs.unsw.edu.au\/clic\/teja-2\/experiment-3\/img_1345k\/'><img loading=\"lazy\" decoding=\"async\" width=\"150\" height=\"150\" src=\"https:\/\/blogs.unsw.edu.au\/clic\/files\/2020\/01\/IMG_1345k-150x150.jpg\" class=\"attachment-thumbnail size-thumbnail\" alt=\"\" srcset=\"https:\/\/blogs.unsw.edu.au\/clic\/files\/2020\/01\/IMG_1345k-150x150.jpg 150w, https:\/\/blogs.unsw.edu.au\/clic\/files\/2020\/01\/IMG_1345k-144x144.jpg 144w\" sizes=\"auto, (max-width: 150px) 100vw, 150px\" \/><\/a>\n\t\t\t<\/dt><\/dl><dl class='gallery-item'>\n\t\t\t<dt class='gallery-icon portrait'>\n\t\t\t\t<a href='https:\/\/blogs.unsw.edu.au\/clic\/teja-2\/experiment-3\/img_1346k\/'><img loading=\"lazy\" decoding=\"async\" width=\"150\" height=\"150\" src=\"https:\/\/blogs.unsw.edu.au\/clic\/files\/2020\/01\/IMG_1346k-150x150.jpg\" class=\"attachment-thumbnail size-thumbnail\" alt=\"\" srcset=\"https:\/\/blogs.unsw.edu.au\/clic\/files\/2020\/01\/IMG_1346k-150x150.jpg 150w, https:\/\/blogs.unsw.edu.au\/clic\/files\/2020\/01\/IMG_1346k-144x144.jpg 144w\" sizes=\"auto, (max-width: 150px) 100vw, 150px\" \/><\/a>\n\t\t\t<\/dt><\/dl><dl class='gallery-item'>\n\t\t\t<dt class='gallery-icon portrait'>\n\t\t\t\t<a href='https:\/\/blogs.unsw.edu.au\/clic\/teja-2\/experiment-3\/img_1347k\/'><img loading=\"lazy\" decoding=\"async\" width=\"150\" height=\"150\" src=\"https:\/\/blogs.unsw.edu.au\/clic\/files\/2020\/01\/IMG_1347k-150x150.jpg\" class=\"attachment-thumbnail size-thumbnail\" alt=\"\" srcset=\"https:\/\/blogs.unsw.edu.au\/clic\/files\/2020\/01\/IMG_1347k-150x150.jpg 150w, https:\/\/blogs.unsw.edu.au\/clic\/files\/2020\/01\/IMG_1347k-144x144.jpg 144w\" sizes=\"auto, (max-width: 150px) 100vw, 150px\" \/><\/a>\n\t\t\t<\/dt><\/dl><br style=\"clear: both\" \/><dl class='gallery-item'>\n\t\t\t<dt class='gallery-icon portrait'>\n\t\t\t\t<a href='https:\/\/blogs.unsw.edu.au\/clic\/teja-2\/experiment-3\/img_1348k\/'><img loading=\"lazy\" decoding=\"async\" width=\"150\" height=\"150\" src=\"https:\/\/blogs.unsw.edu.au\/clic\/files\/2020\/01\/IMG_1348k-150x150.jpg\" class=\"attachment-thumbnail size-thumbnail\" alt=\"\" srcset=\"https:\/\/blogs.unsw.edu.au\/clic\/files\/2020\/01\/IMG_1348k-150x150.jpg 150w, https:\/\/blogs.unsw.edu.au\/clic\/files\/2020\/01\/IMG_1348k-144x144.jpg 144w\" sizes=\"auto, (max-width: 150px) 100vw, 150px\" \/><\/a>\n\t\t\t<\/dt><\/dl><dl class='gallery-item'>\n\t\t\t<dt class='gallery-icon portrait'>\n\t\t\t\t<a href='https:\/\/blogs.unsw.edu.au\/clic\/teja-2\/experiment-3\/img_1349k\/'><img loading=\"lazy\" decoding=\"async\" width=\"150\" height=\"150\" src=\"https:\/\/blogs.unsw.edu.au\/clic\/files\/2020\/01\/IMG_1349k-150x150.jpg\" class=\"attachment-thumbnail size-thumbnail\" alt=\"\" srcset=\"https:\/\/blogs.unsw.edu.au\/clic\/files\/2020\/01\/IMG_1349k-150x150.jpg 150w, https:\/\/blogs.unsw.edu.au\/clic\/files\/2020\/01\/IMG_1349k-144x144.jpg 144w\" sizes=\"auto, (max-width: 150px) 100vw, 150px\" \/><\/a>\n\t\t\t<\/dt><\/dl><dl class='gallery-item'>\n\t\t\t<dt class='gallery-icon portrait'>\n\t\t\t\t<a href='https:\/\/blogs.unsw.edu.au\/clic\/teja-2\/experiment-3\/img_1350k\/'><img loading=\"lazy\" decoding=\"async\" width=\"150\" height=\"150\" src=\"https:\/\/blogs.unsw.edu.au\/clic\/files\/2020\/01\/IMG_1350k-150x150.jpg\" class=\"attachment-thumbnail size-thumbnail\" alt=\"\" srcset=\"https:\/\/blogs.unsw.edu.au\/clic\/files\/2020\/01\/IMG_1350k-150x150.jpg 150w, https:\/\/blogs.unsw.edu.au\/clic\/files\/2020\/01\/IMG_1350k-144x144.jpg 144w\" sizes=\"auto, (max-width: 150px) 100vw, 150px\" \/><\/a>\n\t\t\t<\/dt><\/dl><br style=\"clear: both\" \/><dl class='gallery-item'>\n\t\t\t<dt class='gallery-icon portrait'>\n\t\t\t\t<a href='https:\/\/blogs.unsw.edu.au\/clic\/teja-2\/experiment-3\/img_1351k\/'><img loading=\"lazy\" decoding=\"async\" width=\"150\" height=\"150\" src=\"https:\/\/blogs.unsw.edu.au\/clic\/files\/2020\/01\/IMG_1351k-150x150.jpg\" class=\"attachment-thumbnail size-thumbnail\" alt=\"\" srcset=\"https:\/\/blogs.unsw.edu.au\/clic\/files\/2020\/01\/IMG_1351k-150x150.jpg 150w, https:\/\/blogs.unsw.edu.au\/clic\/files\/2020\/01\/IMG_1351k-144x144.jpg 144w\" sizes=\"auto, (max-width: 150px) 100vw, 150px\" \/><\/a>\n\t\t\t<\/dt><\/dl><dl class='gallery-item'>\n\t\t\t<dt class='gallery-icon portrait'>\n\t\t\t\t<a href='https:\/\/blogs.unsw.edu.au\/clic\/teja-2\/experiment-3\/img_1352k\/'><img loading=\"lazy\" decoding=\"async\" width=\"150\" height=\"150\" src=\"https:\/\/blogs.unsw.edu.au\/clic\/files\/2020\/01\/IMG_1352k-150x150.jpg\" class=\"attachment-thumbnail size-thumbnail\" alt=\"\" srcset=\"https:\/\/blogs.unsw.edu.au\/clic\/files\/2020\/01\/IMG_1352k-150x150.jpg 150w, https:\/\/blogs.unsw.edu.au\/clic\/files\/2020\/01\/IMG_1352k-144x144.jpg 144w\" sizes=\"auto, (max-width: 150px) 100vw, 150px\" \/><\/a>\n\t\t\t<\/dt><\/dl><dl class='gallery-item'>\n\t\t\t<dt class='gallery-icon landscape'>\n\t\t\t\t<a href='https:\/\/blogs.unsw.edu.au\/clic\/teja-2\/experiment-3\/img_1352k-2\/'><img loading=\"lazy\" decoding=\"async\" width=\"150\" height=\"150\" src=\"https:\/\/blogs.unsw.edu.au\/clic\/files\/2020\/01\/IMG_1352k-1-150x150.jpg\" class=\"attachment-thumbnail size-thumbnail\" alt=\"\" srcset=\"https:\/\/blogs.unsw.edu.au\/clic\/files\/2020\/01\/IMG_1352k-1-150x150.jpg 150w, https:\/\/blogs.unsw.edu.au\/clic\/files\/2020\/01\/IMG_1352k-1-300x300.jpg 300w, https:\/\/blogs.unsw.edu.au\/clic\/files\/2020\/01\/IMG_1352k-1-768x765.jpg 768w, https:\/\/blogs.unsw.edu.au\/clic\/files\/2020\/01\/IMG_1352k-1-1024x1020.jpg 1024w, https:\/\/blogs.unsw.edu.au\/clic\/files\/2020\/01\/IMG_1352k-1-144x144.jpg 144w, https:\/\/blogs.unsw.edu.au\/clic\/files\/2020\/01\/IMG_1352k-1.jpg 1566w\" sizes=\"auto, (max-width: 150px) 100vw, 150px\" \/><\/a>\n\t\t\t<\/dt><\/dl><br style=\"clear: both\" \/>\n\t\t<\/div>\n\n<p>Blue as the colour of distance: with its short waves it is refracted more than all other colours, so the sky in the distance appears blue, just like the sea. The Prussian blue reminds me of my home Berlin. Each page is an experiment and refers to all other pages. Narrating without words. About feelings, homesickness and sadness, but also about the sound of the sea and freedom, about shallows, the unconscious, dreams and other mysterious structures.<\/p>\n\n\t\t<style type=\"text\/css\">\n\t\t\t#gallery-2 {\n\t\t\t\tmargin: auto;\n\t\t\t}\n\t\t\t#gallery-2 .gallery-item {\n\t\t\t\tfloat: left;\n\t\t\t\tmargin-top: 10px;\n\t\t\t\ttext-align: center;\n\t\t\t\twidth: 33%;\n\t\t\t}\n\t\t\t#gallery-2 img {\n\t\t\t\tborder: 2px solid #cfcfcf;\n\t\t\t}\n\t\t\t#gallery-2 .gallery-caption {\n\t\t\t\tmargin-left: 0;\n\t\t\t}\n\t\t\t\/* see gallery_shortcode() in wp-includes\/media.php *\/\n\t\t<\/style>\n\t\t<div id='gallery-2' class='gallery galleryid-4198 gallery-columns-3 gallery-size-thumbnail'><dl class='gallery-item'>\n\t\t\t<dt class='gallery-icon portrait'>\n\t\t\t\t<a href='https:\/\/blogs.unsw.edu.au\/clic\/teja-2\/experiment-2\/img_1291k\/'><img loading=\"lazy\" decoding=\"async\" width=\"150\" height=\"150\" src=\"https:\/\/blogs.unsw.edu.au\/clic\/files\/2020\/01\/IMG_1291k-150x150.jpg\" class=\"attachment-thumbnail size-thumbnail\" alt=\"\" srcset=\"https:\/\/blogs.unsw.edu.au\/clic\/files\/2020\/01\/IMG_1291k-150x150.jpg 150w, https:\/\/blogs.unsw.edu.au\/clic\/files\/2020\/01\/IMG_1291k-144x144.jpg 144w\" sizes=\"auto, (max-width: 150px) 100vw, 150px\" \/><\/a>\n\t\t\t<\/dt><\/dl><dl class='gallery-item'>\n\t\t\t<dt class='gallery-icon landscape'>\n\t\t\t\t<a href='https:\/\/blogs.unsw.edu.au\/clic\/teja-2\/experiment-2\/img_1288k\/'><img loading=\"lazy\" decoding=\"async\" width=\"150\" height=\"150\" src=\"https:\/\/blogs.unsw.edu.au\/clic\/files\/2020\/01\/IMG_1288k-150x150.jpg\" class=\"attachment-thumbnail size-thumbnail\" alt=\"\" srcset=\"https:\/\/blogs.unsw.edu.au\/clic\/files\/2020\/01\/IMG_1288k-150x150.jpg 150w, https:\/\/blogs.unsw.edu.au\/clic\/files\/2020\/01\/IMG_1288k-144x144.jpg 144w\" sizes=\"auto, (max-width: 150px) 100vw, 150px\" \/><\/a>\n\t\t\t<\/dt><\/dl><dl class='gallery-item'>\n\t\t\t<dt class='gallery-icon landscape'>\n\t\t\t\t<a href='https:\/\/blogs.unsw.edu.au\/clic\/teja-2\/experiment-2\/img_1286k\/'><img loading=\"lazy\" decoding=\"async\" width=\"150\" height=\"150\" src=\"https:\/\/blogs.unsw.edu.au\/clic\/files\/2020\/01\/IMG_1286k-150x150.jpg\" class=\"attachment-thumbnail size-thumbnail\" alt=\"\" srcset=\"https:\/\/blogs.unsw.edu.au\/clic\/files\/2020\/01\/IMG_1286k-150x150.jpg 150w, https:\/\/blogs.unsw.edu.au\/clic\/files\/2020\/01\/IMG_1286k-144x144.jpg 144w\" sizes=\"auto, (max-width: 150px) 100vw, 150px\" \/><\/a>\n\t\t\t<\/dt><\/dl><br style=\"clear: both\" \/>\n\t\t<\/div>\n\n<p>While searching for the right place to present my work, I accidentally came across a light table whose light brought out the transparent colour and its overlays on the pages even more precisely.<\/p>\n\n\t\t<style type=\"text\/css\">\n\t\t\t#gallery-3 {\n\t\t\t\tmargin: auto;\n\t\t\t}\n\t\t\t#gallery-3 .gallery-item {\n\t\t\t\tfloat: left;\n\t\t\t\tmargin-top: 10px;\n\t\t\t\ttext-align: center;\n\t\t\t\twidth: 33%;\n\t\t\t}\n\t\t\t#gallery-3 img {\n\t\t\t\tborder: 2px solid #cfcfcf;\n\t\t\t}\n\t\t\t#gallery-3 .gallery-caption {\n\t\t\t\tmargin-left: 0;\n\t\t\t}\n\t\t\t\/* see gallery_shortcode() in wp-includes\/media.php *\/\n\t\t<\/style>\n\t\t<div id='gallery-3' class='gallery galleryid-4198 gallery-columns-3 gallery-size-thumbnail'><dl class='gallery-item'>\n\t\t\t<dt class='gallery-icon portrait'>\n\t\t\t\t<a href='https:\/\/blogs.unsw.edu.au\/clic\/teja-2\/experiment-3\/img_1313k\/'><img loading=\"lazy\" decoding=\"async\" width=\"150\" height=\"150\" src=\"https:\/\/blogs.unsw.edu.au\/clic\/files\/2020\/01\/IMG_1313k-150x150.jpg\" class=\"attachment-thumbnail size-thumbnail\" alt=\"\" srcset=\"https:\/\/blogs.unsw.edu.au\/clic\/files\/2020\/01\/IMG_1313k-150x150.jpg 150w, https:\/\/blogs.unsw.edu.au\/clic\/files\/2020\/01\/IMG_1313k-144x144.jpg 144w\" sizes=\"auto, (max-width: 150px) 100vw, 150px\" \/><\/a>\n\t\t\t<\/dt><\/dl>\n\t\t\t<br style='clear: both' \/>\n\t\t<\/div>\n\n<p>In the video, on the other hand, the view is made more difficult by the flickering, but the book begins to float.<\/p>\n<p>In my experiment, the overcoming of inner distance to the outside world occupied me with the means of painting. The result was a wordless translation by making my inner experience with colour visible.<\/p>\n<p><iframe loading=\"lazy\" width=\"890\" height=\"501\" src=\"https:\/\/www.youtube.com\/embed\/iCLF2bw3rSc?feature=oembed\" frameborder=\"0\" allow=\"accelerometer; autoplay; encrypted-media; gyroscope; picture-in-picture\" allowfullscreen><\/iframe><\/p>\n<p>Blue is a symbolic and important colour in the history of art. Yves Klein painted monochrome in blue. Pablo Picasso&#8217;s blue period is famous. The first in the series 36 Views of Mount Fuji is Hokusai&#8217;s most famous print.<\/p>\n\n\t\t<style type=\"text\/css\">\n\t\t\t#gallery-4 {\n\t\t\t\tmargin: auto;\n\t\t\t}\n\t\t\t#gallery-4 .gallery-item {\n\t\t\t\tfloat: left;\n\t\t\t\tmargin-top: 10px;\n\t\t\t\ttext-align: center;\n\t\t\t\twidth: 33%;\n\t\t\t}\n\t\t\t#gallery-4 img {\n\t\t\t\tborder: 2px solid #cfcfcf;\n\t\t\t}\n\t\t\t#gallery-4 .gallery-caption {\n\t\t\t\tmargin-left: 0;\n\t\t\t}\n\t\t\t\/* see gallery_shortcode() in wp-includes\/media.php *\/\n\t\t<\/style>\n\t\t<div id='gallery-4' class='gallery galleryid-4198 gallery-columns-3 gallery-size-thumbnail'><dl class='gallery-item'>\n\t\t\t<dt class='gallery-icon portrait'>\n\t\t\t\t<a href='https:\/\/blogs.unsw.edu.au\/clic\/teja-2\/experiment-3\/pablo_picasso_1901-02_femme_aux_bras_croises_woman_with_folded_arms_madchenbildnis_oil_on_canvas_81_x_58_cm_32_x_23_in\/'><img loading=\"lazy\" decoding=\"async\" width=\"150\" height=\"150\" src=\"https:\/\/blogs.unsw.edu.au\/clic\/files\/2020\/01\/Pablo_Picasso_1901-02_Femme_aux_Bras_Crois\u00e9s_Woman_with_Folded_Arms_Madchenbildnis_oil_on_canvas_81_\u00d7_58_cm_32_\u00d7_23_in-150x150.jpg\" class=\"attachment-thumbnail size-thumbnail\" alt=\"\" aria-describedby=\"gallery-4-4299\" srcset=\"https:\/\/blogs.unsw.edu.au\/clic\/files\/2020\/01\/Pablo_Picasso_1901-02_Femme_aux_Bras_Crois\u00e9s_Woman_with_Folded_Arms_Madchenbildnis_oil_on_canvas_81_\u00d7_58_cm_32_\u00d7_23_in-150x150.jpg 150w, https:\/\/blogs.unsw.edu.au\/clic\/files\/2020\/01\/Pablo_Picasso_1901-02_Femme_aux_Bras_Crois\u00e9s_Woman_with_Folded_Arms_Madchenbildnis_oil_on_canvas_81_\u00d7_58_cm_32_\u00d7_23_in-144x144.jpg 144w\" sizes=\"auto, (max-width: 150px) 100vw, 150px\" \/><\/a>\n\t\t\t<\/dt>\n\t\t\t\t<dd class='wp-caption-text gallery-caption' id='gallery-4-4299'>\n\t\t\t\thttps:\/\/en.wikipedia.org\/wiki\/Picasso%27s_Blue_Period#\/media\/File:Pablo_Picasso,_1901-02,_Femme_aux_Bras_Crois\u00e9s,_Woman_with_Folded_Arms_(Madchenbildnis),_oil_on_canvas,_81_\u00d7_58_cm_(32_\u00d7_23_in).jpg\n\t\t\t\t<\/dd><\/dl><dl class='gallery-item'>\n\t\t\t<dt class='gallery-icon portrait'>\n\t\t\t\t<a href='https:\/\/blogs.unsw.edu.au\/clic\/teja-2\/experiment-3\/440px-ikb_191\/'><img loading=\"lazy\" decoding=\"async\" width=\"150\" height=\"150\" src=\"https:\/\/blogs.unsw.edu.au\/clic\/files\/2020\/01\/440px-IKB_191-150x150.jpg\" class=\"attachment-thumbnail size-thumbnail\" alt=\"\" aria-describedby=\"gallery-4-4300\" srcset=\"https:\/\/blogs.unsw.edu.au\/clic\/files\/2020\/01\/440px-IKB_191-150x150.jpg 150w, https:\/\/blogs.unsw.edu.au\/clic\/files\/2020\/01\/440px-IKB_191-144x144.jpg 144w\" sizes=\"auto, (max-width: 150px) 100vw, 150px\" \/><\/a>\n\t\t\t<\/dt>\n\t\t\t\t<dd class='wp-caption-text gallery-caption' id='gallery-4-4300'>\n\t\t\t\thttps:\/\/de.wikipedia.org\/wiki\/Yves_Klein#\/media\/Datei:Untitled_blue_monochrome2.png\n\t\t\t\t<\/dd><\/dl><dl class='gallery-item'>\n\t\t\t<dt class='gallery-icon landscape'>\n\t\t\t\t<a href='https:\/\/blogs.unsw.edu.au\/clic\/teja-2\/experiment-3\/440px-great_wave_off_kanagawa2\/'><img loading=\"lazy\" decoding=\"async\" width=\"150\" height=\"150\" src=\"https:\/\/blogs.unsw.edu.au\/clic\/files\/2020\/01\/440px-Great_Wave_off_Kanagawa2-150x150.jpg\" class=\"attachment-thumbnail size-thumbnail\" alt=\"\" aria-describedby=\"gallery-4-4301\" srcset=\"https:\/\/blogs.unsw.edu.au\/clic\/files\/2020\/01\/440px-Great_Wave_off_Kanagawa2-150x150.jpg 150w, https:\/\/blogs.unsw.edu.au\/clic\/files\/2020\/01\/440px-Great_Wave_off_Kanagawa2-144x144.jpg 144w\" sizes=\"auto, (max-width: 150px) 100vw, 150px\" \/><\/a>\n\t\t\t<\/dt>\n\t\t\t\t<dd class='wp-caption-text gallery-caption' id='gallery-4-4301'>\n\t\t\t\thttps:\/\/en.wikipedia.org\/wiki\/Hokusai#\/media\/File:Great_Wave_off_Kanagawa2.jpg\n\t\t\t\t<\/dd><\/dl><br style=\"clear: both\" \/>\n\t\t<\/div>\n\n<p>In the Middle Ages blue stood for the divine.<\/p>\n\n\t\t<style type=\"text\/css\">\n\t\t\t#gallery-5 {\n\t\t\t\tmargin: auto;\n\t\t\t}\n\t\t\t#gallery-5 .gallery-item {\n\t\t\t\tfloat: left;\n\t\t\t\tmargin-top: 10px;\n\t\t\t\ttext-align: center;\n\t\t\t\twidth: 33%;\n\t\t\t}\n\t\t\t#gallery-5 img {\n\t\t\t\tborder: 2px solid #cfcfcf;\n\t\t\t}\n\t\t\t#gallery-5 .gallery-caption {\n\t\t\t\tmargin-left: 0;\n\t\t\t}\n\t\t\t\/* see gallery_shortcode() in wp-includes\/media.php *\/\n\t\t<\/style>\n\t\t<div id='gallery-5' class='gallery galleryid-4198 gallery-columns-3 gallery-size-thumbnail'><dl class='gallery-item'>\n\t\t\t<dt class='gallery-icon portrait'>\n\t\t\t\t<a href='https:\/\/blogs.unsw.edu.au\/clic\/teja-2\/experiment-3\/1024px-angelico_madonna_col_bambino_pinacoteca_sabauda\/'><img loading=\"lazy\" decoding=\"async\" width=\"150\" height=\"150\" src=\"https:\/\/blogs.unsw.edu.au\/clic\/files\/2020\/01\/1024px-Angelico_madonna_col_bambino_pinacoteca_sabauda-150x150.jpg\" class=\"attachment-thumbnail size-thumbnail\" alt=\"\" aria-describedby=\"gallery-5-4304\" srcset=\"https:\/\/blogs.unsw.edu.au\/clic\/files\/2020\/01\/1024px-Angelico_madonna_col_bambino_pinacoteca_sabauda-150x150.jpg 150w, https:\/\/blogs.unsw.edu.au\/clic\/files\/2020\/01\/1024px-Angelico_madonna_col_bambino_pinacoteca_sabauda-144x144.jpg 144w\" sizes=\"auto, (max-width: 150px) 100vw, 150px\" \/><\/a>\n\t\t\t<\/dt>\n\t\t\t\t<dd class='wp-caption-text gallery-caption' id='gallery-5-4304'>\n\t\t\t\thttps:\/\/en.wikipedia.org\/wiki\/Blue#\/media\/File:Angelico,_madonna_col_bambino,_pinacoteca_sabauda.jpg\n\t\t\t\t<\/dd><\/dl>\n\t\t\t<br style='clear: both' \/>\n\t\t<\/div>\n\n<p>Prussian blue was used for blueprints in architecture.<\/p>\n\n\t\t<style type=\"text\/css\">\n\t\t\t#gallery-6 {\n\t\t\t\tmargin: auto;\n\t\t\t}\n\t\t\t#gallery-6 .gallery-item {\n\t\t\t\tfloat: left;\n\t\t\t\tmargin-top: 10px;\n\t\t\t\ttext-align: center;\n\t\t\t\twidth: 33%;\n\t\t\t}\n\t\t\t#gallery-6 img {\n\t\t\t\tborder: 2px solid #cfcfcf;\n\t\t\t}\n\t\t\t#gallery-6 .gallery-caption {\n\t\t\t\tmargin-left: 0;\n\t\t\t}\n\t\t\t\/* see gallery_shortcode() in wp-includes\/media.php *\/\n\t\t<\/style>\n\t\t<div id='gallery-6' class='gallery galleryid-4198 gallery-columns-3 gallery-size-thumbnail'><dl class='gallery-item'>\n\t\t\t<dt class='gallery-icon landscape'>\n\t\t\t\t<a href='https:\/\/blogs.unsw.edu.au\/clic\/teja-2\/experiment-3\/labelle_blueprint\/'><img loading=\"lazy\" decoding=\"async\" width=\"150\" height=\"150\" src=\"https:\/\/blogs.unsw.edu.au\/clic\/files\/2020\/01\/LaBelle_Blueprint-150x150.jpg\" class=\"attachment-thumbnail size-thumbnail\" alt=\"\" aria-describedby=\"gallery-6-4302\" srcset=\"https:\/\/blogs.unsw.edu.au\/clic\/files\/2020\/01\/LaBelle_Blueprint-150x150.jpg 150w, https:\/\/blogs.unsw.edu.au\/clic\/files\/2020\/01\/LaBelle_Blueprint-144x144.jpg 144w\" sizes=\"auto, (max-width: 150px) 100vw, 150px\" \/><\/a>\n\t\t\t<\/dt>\n\t\t\t\t<dd class='wp-caption-text gallery-caption' id='gallery-6-4302'>\n\t\t\t\thttps:\/\/en.wikipedia.org\/wiki\/Blueprint#\/media\/File:LaBelle_Blueprint.jpg\n\t\t\t\t<\/dd><\/dl>\n\t\t\t<br style='clear: both' \/>\n\t\t<\/div>\n\n<p>The color blue is entwined with myths, stories and legends. The blue flower as a symbol of longing. Blue uniforms, flags, porcelain and hyperlinks. In Germany you are drunk if you are blue. In the English language you are sad when you feel blue. The blues expresses this musically.<br \/>\nIn US and European public opinion polls it is the most popular colour, chosen by almost half of both men and women as their favourite colour. (Heller 2009, p. 22.)\u00a0Surveys in the US and Europe show that blue is the colour most commonly associated with harmony, faithfulness, confidence, distance, infinity, the imagination, cold, and sometimes with sadness. (Heller 2009, p. 24.)<\/p>\n\n\t\t<style type=\"text\/css\">\n\t\t\t#gallery-7 {\n\t\t\t\tmargin: auto;\n\t\t\t}\n\t\t\t#gallery-7 .gallery-item {\n\t\t\t\tfloat: left;\n\t\t\t\tmargin-top: 10px;\n\t\t\t\ttext-align: center;\n\t\t\t\twidth: 33%;\n\t\t\t}\n\t\t\t#gallery-7 img {\n\t\t\t\tborder: 2px solid #cfcfcf;\n\t\t\t}\n\t\t\t#gallery-7 .gallery-caption {\n\t\t\t\tmargin-left: 0;\n\t\t\t}\n\t\t\t\/* see gallery_shortcode() in wp-includes\/media.php *\/\n\t\t<\/style>\n\t\t<div id='gallery-7' class='gallery galleryid-4198 gallery-columns-3 gallery-size-thumbnail'><dl class='gallery-item'>\n\t\t\t<dt class='gallery-icon landscape'>\n\t\t\t\t<a href='https:\/\/blogs.unsw.edu.au\/clic\/teja-2\/experiment-3\/880px-bluemarble-2001-2002\/'><img loading=\"lazy\" decoding=\"async\" width=\"150\" height=\"150\" src=\"https:\/\/blogs.unsw.edu.au\/clic\/files\/2020\/01\/880px-BlueMarble-2001-2002-150x150.jpg\" class=\"attachment-thumbnail size-thumbnail\" alt=\"\" aria-describedby=\"gallery-7-4343\" srcset=\"https:\/\/blogs.unsw.edu.au\/clic\/files\/2020\/01\/880px-BlueMarble-2001-2002-150x150.jpg 150w, https:\/\/blogs.unsw.edu.au\/clic\/files\/2020\/01\/880px-BlueMarble-2001-2002-144x144.jpg 144w\" sizes=\"auto, (max-width: 150px) 100vw, 150px\" \/><\/a>\n\t\t\t<\/dt>\n\t\t\t\t<dd class='wp-caption-text gallery-caption' id='gallery-7-4343'>\n\t\t\t\thttps:\/\/de.wikipedia.org\/wiki\/Erde\n\t\t\t\t<\/dd><\/dl>\n\t\t\t<br style='clear: both' \/>\n\t\t<\/div>\n\n<p>And not to mention: &#8230;from a distance we live on the blue planet.<\/p>\n<p>The complexity of the colour blue, its illusions, dreams and depths tell stories and make visible what we cannot see with our eyes alone.<\/p>\n","protected":false},"excerpt":{"rendered":"<p>Making the invisible visible In my 3rd experiment I stepped out of the digital world and dived into the analogue world of painting. By chance I found a notebook with transparent covers. The transparency and the different levels in it encouraged me to&hellip;<\/p>\n","protected":false},"author":101641,"featured_media":0,"parent":3474,"menu_order":0,"comment_status":"closed","ping_status":"closed","template":"","meta":{"footnotes":""},"class_list":["post-4198","page","type-page","status-publish","hentry"],"_links":{"self":[{"href":"https:\/\/blogs.unsw.edu.au\/clic\/wp-json\/wp\/v2\/pages\/4198","targetHints":{"allow":["GET"]}}],"collection":[{"href":"https:\/\/blogs.unsw.edu.au\/clic\/wp-json\/wp\/v2\/pages"}],"about":[{"href":"https:\/\/blogs.unsw.edu.au\/clic\/wp-json\/wp\/v2\/types\/page"}],"author":[{"embeddable":true,"href":"https:\/\/blogs.unsw.edu.au\/clic\/wp-json\/wp\/v2\/users\/101641"}],"replies":[{"embeddable":true,"href":"https:\/\/blogs.unsw.edu.au\/clic\/wp-json\/wp\/v2\/comments?post=4198"}],"version-history":[{"count":14,"href":"https:\/\/blogs.unsw.edu.au\/clic\/wp-json\/wp\/v2\/pages\/4198\/revisions"}],"predecessor-version":[{"id":4344,"href":"https:\/\/blogs.unsw.edu.au\/clic\/wp-json\/wp\/v2\/pages\/4198\/revisions\/4344"}],"up":[{"embeddable":true,"href":"https:\/\/blogs.unsw.edu.au\/clic\/wp-json\/wp\/v2\/pages\/3474"}],"wp:attachment":[{"href":"https:\/\/blogs.unsw.edu.au\/clic\/wp-json\/wp\/v2\/media?parent=4198"}],"curies":[{"name":"wp","href":"https:\/\/api.w.org\/{rel}","templated":true}]}}