{"id":1539,"date":"2017-03-09T16:26:48","date_gmt":"2017-03-09T15:26:48","guid":{"rendered":"http:\/\/blogs.unsw.edu.au\/nowideas\/?page_id=1539"},"modified":"2020-11-09T18:26:49","modified_gmt":"2020-11-09T17:26:49","slug":"aviso-legal","status":"publish","type":"page","link":"https:\/\/blogs.unsw.edu.au\/nowideas\/aviso-legal\/","title":{"rendered":"Aviso legal"},"content":{"rendered":"\n<p><strong>Por favor lee estos t\u00e9rminos y condiciones de uso. El acceso y uso de esta web implica la aceptaci\u00f3n de los siguientes t\u00e9rminos y condiciones.<\/strong><\/p>\n\n\n\n<p>El contenido de estas p\u00e1ginas es propiedad en su totalidad de \u00a9 NOW IDEAS. Todos los derechos est\u00e1n reservados.<\/p>\n\n\n\n<p>La reproducci\u00f3n, transferencia, distribuci\u00f3n, almacenamiento, uso de todo o parte del contenido de las p\u00e1ginas en cualquier forma y para cualquier prop\u00f3sito p\u00fablico o comercial sin el previo consentimiento por escrito de NOW IDEAS est\u00e1 prohibido. Se permite almacenar o imprimir copias de extractos de dichas p\u00e1ginas para uso eclusivamente personal, en ning\u00fan caso para uso comercial, de plena conformidad con las presentes condiciones de uso. La modificaci\u00f3n de los contenidos o utilizaci\u00f3n de los contenidos para cualquier otro fin est\u00e1 prohibido.<\/p>\n\n\n\n<p>El contenido de estas p\u00e1ginas se proporciona sin representaci\u00f3n expresa o impl\u00edcita ni garant\u00edas en relaci\u00f3n con la integridad, exactitud, precisi\u00f3n o confiabilidad de estas p\u00e1ginas o de otra manera. NOW IDEAS no garantiza que estas p\u00e1ginas o el servidor que pone a disposici\u00f3n est\u00e9n libres de virus u otros componentes da\u00f1inos. NOW IDEAS reserva el derecho a revisar las p\u00e1ginas o a retirar el acceso a ellas en cualquier momento.<\/p>\n\n\n\n<p>Los enlaces a sitios web de terceros se proporcionan \u00fanicamente con fines informativos. Si accedes a cualquiera de los sitios de terceros vinculados a estas p\u00e1ginas ser\u00e1 enteramente bajo su propio riesgo. NOW IDEAS no ha revisado estos sitios de terceros, no los controla y no es responsable de dichas p\u00e1ginas web o del contenido de dichos sitios. Un enlace a un sitio web de terceros no indica que NOW IDEAS apruebe dicho sitio o cualquier informaci\u00f3n, software u otros productos o materiales encontrados en o a trav\u00e9s de dicho sitio.<\/p>\n\n\n\n<p>Bajo ninguna circunstancia NOW IDEAS ser\u00e1 responsable de cualquier da\u00f1o directo, indirecto, punitivo, especial, incidental o consiguiente que resulte del uso (o imposibilidad de uso) de estas p\u00e1ginas o su contenido.<\/p>\n\n\n\n<p>Cualquier disputa, controversia o reclamo que surja en relaci\u00f3n al uso de estas p\u00e1ginas ser\u00e1 resuelto por arbitraje en los Juzgados de Pontevedra, renunciando el cliente a otros fueros que pudieran corresponderle.<\/p>\n\n\n\n<div style=\"border-top: 4px solid #1a1a1a; padding: 20px 0px;\" align=\"center\"><a href=\"http:\/\/blogs.unsw.edu.au\/nowideas\/\">Home<\/a> | <a href=\"http:\/\/blogs.unsw.edu.au\/nowideas\/suscribete\/\">Suscr\u00edbete<\/a> | <a href=\"http:\/\/blogs.unsw.edu.au\/nowideas\/contacto\/\">Contacto<\/a> | <a href=\"http:\/\/blogs.unsw.edu.au\/nowideas\/blog\/category\/consejos\/\">Consejos<\/a> | <a href=\"http:\/\/blogs.unsw.edu.au\/nowideas\/blog\/category\/historia\/\">Historia<\/a> | <a href=\"http:\/\/blogs.unsw.edu.au\/nowideas\/blog\/category\/ideas\/\">Ideas<\/a> | <a href=\"http:\/\/blogs.unsw.edu.au\/nowideas\/blog\/category\/startups\/\">Startups<\/a><\/div>\n","protected":false},"excerpt":{"rendered":"<p>Por favor lee estos t\u00e9rminos y condiciones de uso. El acceso y uso de esta web implica la aceptaci\u00f3n de los siguientes t\u00e9rminos y condiciones. El contenido de estas p\u00e1ginas es propiedad en su totalidad de \u00a9 NOW IDEAS. Todos los derechos est\u00e1n reservados. La reproducci\u00f3n, transferencia, distribuci\u00f3n, almacenamiento, uso de todo o parte del &hellip; <a href=\"https:\/\/blogs.unsw.edu.au\/nowideas\/aviso-legal\/\" class=\"more-link\">Continue reading<span class=\"screen-reader-text\"> &#8220;Aviso legal&#8221;<\/span><\/a><\/p>\n","protected":false},"author":72389,"featured_media":0,"parent":0,"menu_order":0,"comment_status":"closed","ping_status":"closed","template":"","meta":{"_monsterinsights_skip_tracking":false,"_monsterinsights_sitenote_active":false,"_monsterinsights_sitenote_note":"","_monsterinsights_sitenote_category":0,"footnotes":""},"class_list":["post-1539","page","type-page","status-publish","hentry"],"_links":{"self":[{"href":"https:\/\/blogs.unsw.edu.au\/nowideas\/wp-json\/wp\/v2\/pages\/1539","targetHints":{"allow":["GET"]}}],"collection":[{"href":"https:\/\/blogs.unsw.edu.au\/nowideas\/wp-json\/wp\/v2\/pages"}],"about":[{"href":"https:\/\/blogs.unsw.edu.au\/nowideas\/wp-json\/wp\/v2\/types\/page"}],"author":[{"embeddable":true,"href":"https:\/\/blogs.unsw.edu.au\/nowideas\/wp-json\/wp\/v2\/users\/72389"}],"replies":[{"embeddable":true,"href":"https:\/\/blogs.unsw.edu.au\/nowideas\/wp-json\/wp\/v2\/comments?post=1539"}],"version-history":[{"count":10,"href":"https:\/\/blogs.unsw.edu.au\/nowideas\/wp-json\/wp\/v2\/pages\/1539\/revisions"}],"predecessor-version":[{"id":4262,"href":"https:\/\/blogs.unsw.edu.au\/nowideas\/wp-json\/wp\/v2\/pages\/1539\/revisions\/4262"}],"wp:attachment":[{"href":"https:\/\/blogs.unsw.edu.au\/nowideas\/wp-json\/wp\/v2\/media?parent=1539"}],"curies":[{"name":"wp","href":"https:\/\/api.w.org\/{rel}","templated":true}]}}