{"id":1547,"date":"2017-03-09T17:19:46","date_gmt":"2017-03-09T16:19:46","guid":{"rendered":"http:\/\/blogs.unsw.edu.au\/nowideas\/?page_id=1547"},"modified":"2022-02-14T14:38:11","modified_gmt":"2022-02-14T13:38:11","slug":"sobre-nosotros","status":"publish","type":"page","link":"https:\/\/blogs.unsw.edu.au\/nowideas\/sobre-nosotros\/","title":{"rendered":"Sobre nosotros"},"content":{"rendered":"\n<p>NOW IDEAS es un proyecto impulsado por Pablo Quintero que surgi\u00f3 a principios de 2015 con la idea de crear un espacio com\u00fan con informaci\u00f3n relevante y de valor para ayudar a los emprendedores.<\/p>\n\n\n\n<h2 class=\"wp-block-heading\">El creador<\/h2>\n\n\n\n<div class=\"wp-block-image is-style-rounded\"><figure class=\"alignleft size-full is-resized\"><a href=\"https:\/\/blogs.unsw.edu.au\/nowideas\/files\/2022\/02\/1516542048154.jpg\"><img loading=\"lazy\" decoding=\"async\" src=\"https:\/\/blogs.unsw.edu.au\/nowideas\/files\/2022\/02\/1516542048154.jpg\" alt=\"\" class=\"wp-image-4783\" width=\"113\" height=\"113\" srcset=\"https:\/\/blogs.unsw.edu.au\/nowideas\/files\/2022\/02\/1516542048154.jpg 450w, https:\/\/blogs.unsw.edu.au\/nowideas\/files\/2022\/02\/1516542048154-300x300.jpg 300w, https:\/\/blogs.unsw.edu.au\/nowideas\/files\/2022\/02\/1516542048154-150x150.jpg 150w, https:\/\/blogs.unsw.edu.au\/nowideas\/files\/2022\/02\/1516542048154-45x45.jpg 45w\" sizes=\"auto, (max-width: 113px) 85vw, 113px\" \/><\/a><\/figure><\/div>\n\n\n\n<p><strong>Pablo Quintero es Co-CEO de Proyecto Kulto<\/strong>, una statup de nueva creaci\u00f3n que fomenta la econom\u00eda local a trav\u00e9s de un emprendimiento ecol\u00f3gico y sostenible que permite que los agricultores vendan directamente al consumidor final. <br><a rel=\"noreferrer noopener\" href=\"https:\/\/www.linkedin.com\/in\/pqr47\/\" target=\"_blank\">LinkedIn<\/a> <strong>\u00b7<\/strong> <a rel=\"noreferrer noopener\" href=\"https:\/\/kultoapp.com\/\" target=\"_blank\">Website<\/a><\/p>\n\n\n\n<h3 class=\"wp-block-heading\">Formaci\u00f3n<\/h3>\n\n\n\n<ol class=\"wp-block-list\" reversed><li>MBA (exchange), Entrepreneurship, Startups and VC &#8211; IE Business SchoolIE Business School.<\/li><li>Full-time MBA, Business Administration and Management &#8211; The Australian Graduate School of Management (AGSM) @ UNSW Business School.<\/li><li>Doctorado en Fisiolog\u00eda y Nutrici\u00f3n, Ciencias de la Nutrici\u00f3n &#8211; Universidad de Navarra.<\/li><\/ol>\n\n\n\n<h2 class=\"wp-block-heading\">El motivo<\/h2>\n\n\n\n<p>Durante los \u00faltimos a\u00f1os de carrea varios colegas nos planteamos la posibilidad de emprender nuestros propios negocios. Como es habitual, nos vimos inmersos en un mundo de informaci\u00f3n contradictoria que acab\u00f3 alargando la fase de formaci\u00f3n m\u00e1s de lo esperado.<\/p>\n\n\n\n<p>En ese momento, y sin abandonar nuestros proyectos personales, decidimos intervenir el problema y aportar nuestro granito de arena creando NOW IDEAS, un sitio web donde compartimos ideas de negocio, consejos sobre gesti\u00f3n empresarial, informaci\u00f3n sobre startups y casos de \u00e9xito que nos han ayudado en este camino autodidacta.<\/p>\n\n\n\n<h2 class=\"wp-block-heading\">El objetivo<\/h2>\n\n\n\n<p>Los emprendedores estamos hechos de otra pasta. Por fuera somos superh\u00e9roes invencibles especialistas en todo, pero por dentro tenemos miedo y muchas dudas. Nos pasa a todos, y no solo al principio.<\/p>\n\n\n\n<p>Por eso creemos que la uni\u00f3n hace la fuerza y que las experiencias de otros empresarios y emprendedores nos benefician a todos los dem\u00e1s.<\/p>\n\n\n\n<p>En NOW IDEAS hacemos lo posible por fomentar, apoyar y promover el esp\u00edritu emprendedor.<\/p>\n\n\n\n<p><strong>\u00a1Juntos somos m\u00e1s fuertes!<\/strong><\/p>\n\n\n\n<h2 class=\"wp-block-heading\">Qu\u00e9 ofrecemos<\/h2>\n\n\n\n<h3 class=\"wp-block-heading\">Acceso directo<\/h3>\n\n\n\n<p>Si te gustan nuestros art\u00edculos y quieres estar al tanto de las nuevas publicaciones, <a href=\"http:\/\/blogs.unsw.edu.au\/nowideas\/suscribete\/\">suscr\u00edbete<\/a> y te enviaremos un email con las <a href=\"http:\/\/blogs.unsw.edu.au\/nowideas\/\">novedades<\/a> (nada de spam, nos gusta tan poco como a ti).<\/p>\n\n\n\n<h3 class=\"wp-block-heading\">Amistad<\/h3>\n\n\n\n<p>\u00bfQuieres contactar con nosotros? Nosotros tambi\u00e9n queremos contactar contigo, as\u00ed que rellena el formulario de <a href=\"http:\/\/blogs.unsw.edu.au\/nowideas\/contacto\/\">contacto<\/a> y te responderemos antes de que te des cuenta.<\/p>\n\n\n\n<h3 class=\"wp-block-heading\">Ayuda<\/h3>\n\n\n\n<p>Tanto si est\u00e1s empezando, como si ya llevas a\u00f1os siendo emprendedor, esta informaci\u00f3n te ayudar\u00e1 a tener m\u00e1s claro tu siguiente paso:<\/p>\n\n\n\n<ul class=\"wp-block-list\"><li><a href=\"http:\/\/blogs.unsw.edu.au\/nowideas\/blog\/category\/consejos\/\">Consejos<\/a> sobre creaci\u00f3n y gesti\u00f3n empresarial.<\/li><li><a href=\"http:\/\/blogs.unsw.edu.au\/nowideas\/blog\/category\/historia\/\">Historia<\/a> y curiosidades sobre la creaci\u00f3n y crecimiento de empresas de \u00e9xito.<\/li><li><a href=\"http:\/\/blogs.unsw.edu.au\/nowideas\/blog\/category\/ideas\/\">Ideas<\/a> de negocio que alg\u00fan d\u00eda se convertir\u00e1n en productos y servicios populares.<\/li><li><a href=\"http:\/\/blogs.unsw.edu.au\/nowideas\/blog\/category\/startups\/\">Startups<\/a> y empresas innovadoras creadas por emprendedores j\u00f3venes.<\/li><\/ul>\n","protected":false},"excerpt":{"rendered":"<p>NOW IDEAS es un proyecto impulsado por Pablo Quintero que surgi\u00f3 a principios de 2015 con la idea de crear un espacio com\u00fan con informaci\u00f3n relevante y de valor para ayudar a los emprendedores. El creador Pablo Quintero es Co-CEO de Proyecto Kulto, una statup de nueva creaci\u00f3n que fomenta la econom\u00eda local a trav\u00e9s &hellip; <a href=\"https:\/\/blogs.unsw.edu.au\/nowideas\/sobre-nosotros\/\" class=\"more-link\">Continue reading<span class=\"screen-reader-text\"> &#8220;Sobre nosotros&#8221;<\/span><\/a><\/p>\n","protected":false},"author":72389,"featured_media":0,"parent":0,"menu_order":0,"comment_status":"closed","ping_status":"closed","template":"","meta":{"_monsterinsights_skip_tracking":false,"_monsterinsights_sitenote_active":false,"_monsterinsights_sitenote_note":"","_monsterinsights_sitenote_category":0,"footnotes":""},"class_list":["post-1547","page","type-page","status-publish","hentry"],"_links":{"self":[{"href":"https:\/\/blogs.unsw.edu.au\/nowideas\/wp-json\/wp\/v2\/pages\/1547","targetHints":{"allow":["GET"]}}],"collection":[{"href":"https:\/\/blogs.unsw.edu.au\/nowideas\/wp-json\/wp\/v2\/pages"}],"about":[{"href":"https:\/\/blogs.unsw.edu.au\/nowideas\/wp-json\/wp\/v2\/types\/page"}],"author":[{"embeddable":true,"href":"https:\/\/blogs.unsw.edu.au\/nowideas\/wp-json\/wp\/v2\/users\/72389"}],"replies":[{"embeddable":true,"href":"https:\/\/blogs.unsw.edu.au\/nowideas\/wp-json\/wp\/v2\/comments?post=1547"}],"version-history":[{"count":26,"href":"https:\/\/blogs.unsw.edu.au\/nowideas\/wp-json\/wp\/v2\/pages\/1547\/revisions"}],"predecessor-version":[{"id":4798,"href":"https:\/\/blogs.unsw.edu.au\/nowideas\/wp-json\/wp\/v2\/pages\/1547\/revisions\/4798"}],"wp:attachment":[{"href":"https:\/\/blogs.unsw.edu.au\/nowideas\/wp-json\/wp\/v2\/media?parent=1547"}],"curies":[{"name":"wp","href":"https:\/\/api.w.org\/{rel}","templated":true}]}}