{"id":2809,"date":"2019-03-23T21:00:44","date_gmt":"2019-03-23T20:00:44","guid":{"rendered":"http:\/\/blogs.unsw.edu.au\/nowideas\/?page_id=2809"},"modified":"2025-02-27T20:54:15","modified_gmt":"2025-02-27T19:54:15","slug":"home","status":"publish","type":"page","link":"https:\/\/blogs.unsw.edu.au\/nowideas\/","title":{"rendered":"Home"},"content":{"rendered":"<ul class=\"wp-block-latest-posts__list is-grid columns-2 alignleft wp-block-latest-posts\"><li><div class=\"wp-block-latest-posts__featured-image\"><a href=\"https:\/\/blogs.unsw.edu.au\/nowideas\/blog\/2025\/09\/disfrutar-de-la-vida\/\" aria-label=\"Disfrutar de la vida, el gran reto del emprendedor exitoso: t\u00e9cnicas, consejos y frases para conectar con una vida plena\"><img loading=\"lazy\" decoding=\"async\" width=\"840\" height=\"440\" src=\"https:\/\/blogs.unsw.edu.au\/nowideas\/files\/2025\/09\/disfrutar-de-la-vida.jpg\" class=\"attachment-large size-large wp-post-image\" alt=\"Ilustraci\u00f3n de tres personas bailando sobre el globo terr\u00e1queo\" style=\"\" srcset=\"https:\/\/blogs.unsw.edu.au\/nowideas\/files\/2025\/09\/disfrutar-de-la-vida.jpg 840w, https:\/\/blogs.unsw.edu.au\/nowideas\/files\/2025\/09\/disfrutar-de-la-vida-300x157.jpg 300w, https:\/\/blogs.unsw.edu.au\/nowideas\/files\/2025\/09\/disfrutar-de-la-vida-768x402.jpg 768w\" sizes=\"auto, (max-width: 709px) 85vw, (max-width: 909px) 67vw, (max-width: 1362px) 62vw, 840px\" \/><\/a><\/div><a class=\"wp-block-latest-posts__post-title\" href=\"https:\/\/blogs.unsw.edu.au\/nowideas\/blog\/2025\/09\/disfrutar-de-la-vida\/\">Disfrutar de la vida, el gran reto del emprendedor exitoso: t\u00e9cnicas, consejos y frases para conectar con una vida plena<\/a><\/li>\n<li><div class=\"wp-block-latest-posts__featured-image\"><a href=\"https:\/\/blogs.unsw.edu.au\/nowideas\/blog\/2025\/02\/como-ser-ceo-empresa-necesita\/\" aria-label=\"C\u00f3mo ser el CEO que toda empresa necesita\"><img loading=\"lazy\" decoding=\"async\" width=\"840\" height=\"440\" src=\"https:\/\/blogs.unsw.edu.au\/nowideas\/files\/2025\/02\/como-ser-ceo-empresa-necesita.jpg\" class=\"attachment-large size-large wp-post-image\" alt=\"Ilustraci\u00f3n de hombre de negocios recibiendo aprobaci\u00f3n\" style=\"\" srcset=\"https:\/\/blogs.unsw.edu.au\/nowideas\/files\/2025\/02\/como-ser-ceo-empresa-necesita.jpg 840w, https:\/\/blogs.unsw.edu.au\/nowideas\/files\/2025\/02\/como-ser-ceo-empresa-necesita-300x157.jpg 300w, https:\/\/blogs.unsw.edu.au\/nowideas\/files\/2025\/02\/como-ser-ceo-empresa-necesita-768x402.jpg 768w\" sizes=\"auto, (max-width: 709px) 85vw, (max-width: 909px) 67vw, (max-width: 1362px) 62vw, 840px\" \/><\/a><\/div><a class=\"wp-block-latest-posts__post-title\" href=\"https:\/\/blogs.unsw.edu.au\/nowideas\/blog\/2025\/02\/como-ser-ceo-empresa-necesita\/\">C\u00f3mo ser el CEO que toda empresa necesita<\/a><\/li>\n<li><div class=\"wp-block-latest-posts__featured-image\"><a href=\"https:\/\/blogs.unsw.edu.au\/nowideas\/blog\/2025\/02\/claves-para-advertir-un-cuello-de-botella\/\" aria-label=\"Claves para advertir un cuello de botella en tu negocio\"><img loading=\"lazy\" decoding=\"async\" width=\"840\" height=\"440\" src=\"https:\/\/blogs.unsw.edu.au\/nowideas\/files\/2016\/07\/cuello-de-botella.jpg\" class=\"attachment-large size-large wp-post-image\" alt=\"mano sujetando un cron\u00f3metro\" style=\"\" srcset=\"https:\/\/blogs.unsw.edu.au\/nowideas\/files\/2016\/07\/cuello-de-botella.jpg 840w, https:\/\/blogs.unsw.edu.au\/nowideas\/files\/2016\/07\/cuello-de-botella-300x157.jpg 300w, https:\/\/blogs.unsw.edu.au\/nowideas\/files\/2016\/07\/cuello-de-botella-768x402.jpg 768w\" sizes=\"auto, (max-width: 709px) 85vw, (max-width: 909px) 67vw, (max-width: 1362px) 62vw, 840px\" \/><\/a><\/div><a class=\"wp-block-latest-posts__post-title\" href=\"https:\/\/blogs.unsw.edu.au\/nowideas\/blog\/2025\/02\/claves-para-advertir-un-cuello-de-botella\/\">Claves para advertir un cuello de botella en tu negocio<\/a><\/li>\n<li><div class=\"wp-block-latest-posts__featured-image\"><a href=\"https:\/\/blogs.unsw.edu.au\/nowideas\/blog\/2025\/02\/5-consejos-para-reducir-impuestos\/\" aria-label=\"5 consejos para reducir impuestos\"><img loading=\"lazy\" decoding=\"async\" width=\"840\" height=\"440\" src=\"https:\/\/blogs.unsw.edu.au\/nowideas\/files\/2016\/10\/contabilidad-lupa-mohamed-hassan.jpg\" class=\"attachment-large size-large wp-post-image\" alt=\"elementos de contabilidad sobre una mesa\" style=\"\" srcset=\"https:\/\/blogs.unsw.edu.au\/nowideas\/files\/2016\/10\/contabilidad-lupa-mohamed-hassan.jpg 840w, https:\/\/blogs.unsw.edu.au\/nowideas\/files\/2016\/10\/contabilidad-lupa-mohamed-hassan-300x157.jpg 300w, https:\/\/blogs.unsw.edu.au\/nowideas\/files\/2016\/10\/contabilidad-lupa-mohamed-hassan-768x402.jpg 768w\" sizes=\"auto, (max-width: 709px) 85vw, (max-width: 909px) 67vw, (max-width: 1362px) 62vw, 840px\" \/><\/a><\/div><a class=\"wp-block-latest-posts__post-title\" href=\"https:\/\/blogs.unsw.edu.au\/nowideas\/blog\/2025\/02\/5-consejos-para-reducir-impuestos\/\">5 consejos para reducir impuestos<\/a><\/li>\n<li><div class=\"wp-block-latest-posts__featured-image\"><a href=\"https:\/\/blogs.unsw.edu.au\/nowideas\/blog\/2025\/02\/emprendimientos-mas-rentables\/\" aria-label=\"Emprendimientos m\u00e1s rentables: los 10 negocios m\u00e1s rentables, o c\u00f3mo ganar mucho invirtiendo poco\"><img loading=\"lazy\" decoding=\"async\" width=\"840\" height=\"440\" src=\"https:\/\/blogs.unsw.edu.au\/nowideas\/files\/2022\/03\/emprendimientos-mas-rentables.jpg\" class=\"attachment-large size-large wp-post-image\" alt=\"Monta\u00f1as de monedas\" style=\"\" srcset=\"https:\/\/blogs.unsw.edu.au\/nowideas\/files\/2022\/03\/emprendimientos-mas-rentables.jpg 840w, https:\/\/blogs.unsw.edu.au\/nowideas\/files\/2022\/03\/emprendimientos-mas-rentables-300x157.jpg 300w, https:\/\/blogs.unsw.edu.au\/nowideas\/files\/2022\/03\/emprendimientos-mas-rentables-768x402.jpg 768w\" sizes=\"auto, (max-width: 709px) 85vw, (max-width: 909px) 67vw, (max-width: 1362px) 62vw, 840px\" \/><\/a><\/div><a class=\"wp-block-latest-posts__post-title\" href=\"https:\/\/blogs.unsw.edu.au\/nowideas\/blog\/2025\/02\/emprendimientos-mas-rentables\/\">Emprendimientos m\u00e1s rentables: los 10 negocios m\u00e1s rentables, o c\u00f3mo ganar mucho invirtiendo poco<\/a><\/li>\n<li><div class=\"wp-block-latest-posts__featured-image\"><a href=\"https:\/\/blogs.unsw.edu.au\/nowideas\/blog\/2025\/01\/negocios-con-mas-futuro-cuales\/\" aria-label=\"Negocios con m\u00e1s futuro: cu\u00e1les son los 10 negocios en auge m\u00e1s rentables\"><img loading=\"lazy\" decoding=\"async\" width=\"840\" height=\"440\" src=\"https:\/\/blogs.unsw.edu.au\/nowideas\/files\/2022\/03\/negocios-con-mas-futuro.jpg\" class=\"attachment-large size-large wp-post-image\" alt=\"Mujer de pie sobre una flecha y buscando con catalejo negocios futuros\" style=\"\" srcset=\"https:\/\/blogs.unsw.edu.au\/nowideas\/files\/2022\/03\/negocios-con-mas-futuro.jpg 840w, https:\/\/blogs.unsw.edu.au\/nowideas\/files\/2022\/03\/negocios-con-mas-futuro-300x157.jpg 300w, https:\/\/blogs.unsw.edu.au\/nowideas\/files\/2022\/03\/negocios-con-mas-futuro-768x402.jpg 768w\" sizes=\"auto, (max-width: 709px) 85vw, (max-width: 909px) 67vw, (max-width: 1362px) 62vw, 840px\" \/><\/a><\/div><a class=\"wp-block-latest-posts__post-title\" href=\"https:\/\/blogs.unsw.edu.au\/nowideas\/blog\/2025\/01\/negocios-con-mas-futuro-cuales\/\">Negocios con m\u00e1s futuro: cu\u00e1les son los 10 negocios en auge m\u00e1s rentables<\/a><\/li>\n<li><div class=\"wp-block-latest-posts__featured-image\"><a href=\"https:\/\/blogs.unsw.edu.au\/nowideas\/blog\/2025\/01\/4-pilares-de-toda-empresa-exitosa\/\" aria-label=\"Los 4 pilares de toda empresa exitosa\"><img loading=\"lazy\" decoding=\"async\" width=\"840\" height=\"440\" src=\"https:\/\/blogs.unsw.edu.au\/nowideas\/files\/2022\/04\/pilares-columnas-sustento.jpg\" class=\"attachment-large size-large wp-post-image\" alt=\"Ilustraci\u00f3n de cuatro columnas unidas por arcos\" style=\"\" srcset=\"https:\/\/blogs.unsw.edu.au\/nowideas\/files\/2022\/04\/pilares-columnas-sustento.jpg 840w, https:\/\/blogs.unsw.edu.au\/nowideas\/files\/2022\/04\/pilares-columnas-sustento-300x157.jpg 300w, https:\/\/blogs.unsw.edu.au\/nowideas\/files\/2022\/04\/pilares-columnas-sustento-768x402.jpg 768w\" sizes=\"auto, (max-width: 709px) 85vw, (max-width: 909px) 67vw, (max-width: 1362px) 62vw, 840px\" \/><\/a><\/div><a class=\"wp-block-latest-posts__post-title\" href=\"https:\/\/blogs.unsw.edu.au\/nowideas\/blog\/2025\/01\/4-pilares-de-toda-empresa-exitosa\/\">Los 4 pilares de toda empresa exitosa<\/a><\/li>\n<li><div class=\"wp-block-latest-posts__featured-image\"><a href=\"https:\/\/blogs.unsw.edu.au\/nowideas\/blog\/2025\/01\/emprendimientos-ecologicos-muy-rentables\/\" aria-label=\"7 ideas de emprendimientos ecol\u00f3gicos muy rentables\"><img loading=\"lazy\" decoding=\"async\" width=\"840\" height=\"440\" src=\"https:\/\/blogs.unsw.edu.au\/nowideas\/files\/2016\/07\/mundo-verde-arboles.jpg\" class=\"attachment-large size-large wp-post-image\" alt=\"la tierra de color verde rodeada de \u00e1rboles\" style=\"\" srcset=\"https:\/\/blogs.unsw.edu.au\/nowideas\/files\/2016\/07\/mundo-verde-arboles.jpg 840w, https:\/\/blogs.unsw.edu.au\/nowideas\/files\/2016\/07\/mundo-verde-arboles-300x157.jpg 300w, https:\/\/blogs.unsw.edu.au\/nowideas\/files\/2016\/07\/mundo-verde-arboles-768x402.jpg 768w\" sizes=\"auto, (max-width: 709px) 85vw, (max-width: 909px) 67vw, (max-width: 1362px) 62vw, 840px\" \/><\/a><\/div><a class=\"wp-block-latest-posts__post-title\" href=\"https:\/\/blogs.unsw.edu.au\/nowideas\/blog\/2025\/01\/emprendimientos-ecologicos-muy-rentables\/\">7 ideas de emprendimientos ecol\u00f3gicos muy rentables<\/a><\/li>\n<li><div class=\"wp-block-latest-posts__featured-image\"><a href=\"https:\/\/blogs.unsw.edu.au\/nowideas\/blog\/2025\/01\/ventajas-de-emprender\/\" aria-label=\"Ventajas de emprender: todos los beneficios de iniciarse como empresario y algunos mitos comunes desmontados\"><img loading=\"lazy\" decoding=\"async\" width=\"840\" height=\"440\" src=\"https:\/\/blogs.unsw.edu.au\/nowideas\/files\/2023\/05\/ventajas-de-emprender-.jpg\" class=\"attachment-large size-large wp-post-image\" alt=\"Ilustraci\u00f3n sobre ventajas de emprender con un emprendedor sobre un cohete\" style=\"\" srcset=\"https:\/\/blogs.unsw.edu.au\/nowideas\/files\/2023\/05\/ventajas-de-emprender-.jpg 840w, https:\/\/blogs.unsw.edu.au\/nowideas\/files\/2023\/05\/ventajas-de-emprender--300x157.jpg 300w, https:\/\/blogs.unsw.edu.au\/nowideas\/files\/2023\/05\/ventajas-de-emprender--768x402.jpg 768w\" sizes=\"auto, (max-width: 709px) 85vw, (max-width: 909px) 67vw, (max-width: 1362px) 62vw, 840px\" \/><\/a><\/div><a class=\"wp-block-latest-posts__post-title\" href=\"https:\/\/blogs.unsw.edu.au\/nowideas\/blog\/2025\/01\/ventajas-de-emprender\/\">Ventajas de emprender: todos los beneficios de iniciarse como empresario y algunos mitos comunes desmontados<\/a><\/li>\n<li><div class=\"wp-block-latest-posts__featured-image\"><a href=\"https:\/\/blogs.unsw.edu.au\/nowideas\/blog\/2024\/12\/una-imagen-de-marca-vale-mas-que-mil-presentaciones\/\" aria-label=\"Una imagen de marca vale m\u00e1s que mil presentaciones\"><img loading=\"lazy\" decoding=\"async\" width=\"840\" height=\"440\" src=\"https:\/\/blogs.unsw.edu.au\/nowideas\/files\/2016\/06\/imagen-corporativa-1.jpg\" class=\"attachment-large size-large wp-post-image\" alt=\"elementos de dise\u00f1o e impresi\u00f3n\" style=\"\" srcset=\"https:\/\/blogs.unsw.edu.au\/nowideas\/files\/2016\/06\/imagen-corporativa-1.jpg 840w, https:\/\/blogs.unsw.edu.au\/nowideas\/files\/2016\/06\/imagen-corporativa-1-300x157.jpg 300w, https:\/\/blogs.unsw.edu.au\/nowideas\/files\/2016\/06\/imagen-corporativa-1-768x402.jpg 768w\" sizes=\"auto, (max-width: 709px) 85vw, (max-width: 909px) 67vw, (max-width: 1362px) 62vw, 840px\" \/><\/a><\/div><a class=\"wp-block-latest-posts__post-title\" href=\"https:\/\/blogs.unsw.edu.au\/nowideas\/blog\/2024\/12\/una-imagen-de-marca-vale-mas-que-mil-presentaciones\/\">Una imagen de marca vale m\u00e1s que mil presentaciones<\/a><\/li>\n<\/ul>\n\n\n<h3 class=\"wp-block-heading\">Categor\u00edas<\/h3>\n\n\n\n<hr style=\"width:100%;background-color: #1a1a1a;height:4px;\">\n\n\n\n<div class=\"wp-block-columns are-vertically-aligned-bottom categorias-home is-layout-flex wp-container-core-columns-is-layout-9d6595d7 wp-block-columns-is-layout-flex\">\n<div class=\"wp-block-column is-vertically-aligned-bottom is-layout-flow wp-block-column-is-layout-flow\">\n<div class=\"wp-block-image\"><figure class=\"aligncenter size-full\"><a href=\"https:\/\/blogs.unsw.edu.au\/nowideas\/blog\/category\/consejos\/\"><img loading=\"lazy\" decoding=\"async\" width=\"175\" height=\"175\" src=\"http:\/\/blogs.unsw.edu.au\/nowideas\/files\/2022\/05\/consejos-.png\" alt=\"Categoria Consejos\" class=\"wp-image-5019\" srcset=\"https:\/\/blogs.unsw.edu.au\/nowideas\/files\/2022\/05\/consejos-.png 175w, https:\/\/blogs.unsw.edu.au\/nowideas\/files\/2022\/05\/consejos--150x150.png 150w, https:\/\/blogs.unsw.edu.au\/nowideas\/files\/2022\/05\/consejos--45x45.png 45w\" sizes=\"auto, (max-width: 175px) 85vw, 175px\" \/><\/a><\/figure><\/div>\n\n\n\n<h4 class=\"has-text-align-center wp-block-heading\" style=\"font-size:15px;font-style:normal;font-weight:900;letter-spacing:0px\"><a href=\"https:\/\/blogs.unsw.edu.au\/nowideas\/blog\/category\/consejos\/\">CONSEJOS<\/a><\/h4>\n<\/div>\n\n\n\n<div class=\"wp-block-column is-vertically-aligned-bottom is-layout-flow wp-block-column-is-layout-flow\">\n<div class=\"wp-block-image\"><figure class=\"aligncenter size-full\"><a href=\"https:\/\/blogs.unsw.edu.au\/nowideas\/blog\/category\/historia\/\"><img loading=\"lazy\" decoding=\"async\" width=\"175\" height=\"175\" src=\"http:\/\/blogs.unsw.edu.au\/nowideas\/files\/2022\/05\/historia.png\" alt=\"Categoria Historia\" class=\"wp-image-5013\" srcset=\"https:\/\/blogs.unsw.edu.au\/nowideas\/files\/2022\/05\/historia.png 175w, https:\/\/blogs.unsw.edu.au\/nowideas\/files\/2022\/05\/historia-150x150.png 150w, https:\/\/blogs.unsw.edu.au\/nowideas\/files\/2022\/05\/historia-45x45.png 45w\" sizes=\"auto, (max-width: 175px) 85vw, 175px\" \/><\/a><\/figure><\/div>\n\n\n\n<h4 class=\"has-text-align-center wp-block-heading\" style=\"font-size:15px;font-style:normal;font-weight:900;letter-spacing:0px\"><a href=\"https:\/\/blogs.unsw.edu.au\/nowideas\/blog\/category\/historia\/\">HISTORIA<\/a><\/h4>\n<\/div>\n\n\n\n<div class=\"wp-block-column is-vertically-aligned-bottom is-layout-flow wp-block-column-is-layout-flow\">\n<div class=\"wp-block-image\"><figure class=\"aligncenter size-full\"><a href=\"https:\/\/blogs.unsw.edu.au\/nowideas\/blog\/category\/ideas\/\"><img loading=\"lazy\" decoding=\"async\" width=\"175\" height=\"175\" src=\"http:\/\/blogs.unsw.edu.au\/nowideas\/files\/2022\/05\/Ideas.png\" alt=\"Categoria Ideas\" class=\"wp-image-5014\" srcset=\"https:\/\/blogs.unsw.edu.au\/nowideas\/files\/2022\/05\/Ideas.png 175w, https:\/\/blogs.unsw.edu.au\/nowideas\/files\/2022\/05\/Ideas-150x150.png 150w, https:\/\/blogs.unsw.edu.au\/nowideas\/files\/2022\/05\/Ideas-45x45.png 45w\" sizes=\"auto, (max-width: 175px) 85vw, 175px\" \/><\/a><\/figure><\/div>\n\n\n\n<h4 class=\"has-text-align-center wp-block-heading\" style=\"font-size:15px;font-style:normal;font-weight:900;letter-spacing:0px\"><a href=\"https:\/\/blogs.unsw.edu.au\/nowideas\/blog\/category\/ideas\/\">IDEAS<\/a><\/h4>\n<\/div>\n\n\n\n<div class=\"wp-block-column is-vertically-aligned-bottom is-layout-flow wp-block-column-is-layout-flow\">\n<div class=\"wp-block-image\"><figure class=\"aligncenter size-full\"><a href=\"https:\/\/blogs.unsw.edu.au\/nowideas\/blog\/category\/noticias\/\"><img loading=\"lazy\" decoding=\"async\" width=\"175\" height=\"175\" src=\"http:\/\/blogs.unsw.edu.au\/nowideas\/files\/2022\/05\/noticias-.png\" alt=\"Categoria Noticias\" class=\"wp-image-5020\" srcset=\"https:\/\/blogs.unsw.edu.au\/nowideas\/files\/2022\/05\/noticias-.png 175w, https:\/\/blogs.unsw.edu.au\/nowideas\/files\/2022\/05\/noticias--150x150.png 150w, https:\/\/blogs.unsw.edu.au\/nowideas\/files\/2022\/05\/noticias--45x45.png 45w\" sizes=\"auto, (max-width: 175px) 85vw, 175px\" \/><\/a><\/figure><\/div>\n\n\n\n<h4 class=\"has-text-align-center wp-block-heading\" style=\"font-size:15px;font-style:normal;font-weight:900;letter-spacing:0px\"><a href=\"https:\/\/blogs.unsw.edu.au\/nowideas\/blog\/category\/noticias\/\">NOTICIAS<\/a><\/h4>\n<\/div>\n\n\n\n<div class=\"wp-block-column is-vertically-aligned-bottom is-layout-flow wp-block-column-is-layout-flow\">\n<div class=\"wp-block-image\"><figure class=\"aligncenter size-full\"><a href=\"https:\/\/blogs.unsw.edu.au\/nowideas\/blog\/category\/startups\/\"><img loading=\"lazy\" decoding=\"async\" width=\"175\" height=\"175\" src=\"http:\/\/blogs.unsw.edu.au\/nowideas\/files\/2022\/05\/startups.png\" alt=\"Categoria Startups\" class=\"wp-image-5016\" srcset=\"https:\/\/blogs.unsw.edu.au\/nowideas\/files\/2022\/05\/startups.png 175w, https:\/\/blogs.unsw.edu.au\/nowideas\/files\/2022\/05\/startups-150x150.png 150w, https:\/\/blogs.unsw.edu.au\/nowideas\/files\/2022\/05\/startups-45x45.png 45w\" sizes=\"auto, (max-width: 175px) 85vw, 175px\" \/><\/a><\/figure><\/div>\n\n\n\n<h4 class=\"has-text-align-center wp-block-heading\" style=\"font-size:15px;font-style:normal;font-weight:900;letter-spacing:0px\"><a href=\"https:\/\/blogs.unsw.edu.au\/nowideas\/blog\/category\/startups\/\">STARTUPS<\/a><\/h4>\n<\/div>\n<\/div>\n\n\n\n<hr style=\"width:100%;background-color: #1a1a1a;height:4px;\">\n\n\n\n<div style=\"height:20px\" aria-hidden=\"true\" class=\"wp-block-spacer\"><\/div>\n\n\n<ul class=\"wp-block-latest-posts__list is-grid columns-3 alignleft home-bottom wp-block-latest-posts\"><li><div class=\"wp-block-latest-posts__featured-image\"><img loading=\"lazy\" decoding=\"async\" width=\"300\" height=\"157\" src=\"https:\/\/blogs.unsw.edu.au\/nowideas\/files\/2023\/01\/educacion-online-elearning-300x157.jpg\" class=\"attachment-medium size-medium wp-post-image\" alt=\"Ilustraci\u00f3n sobre el concepto de elearning o educaci\u00f3n online\" style=\"\" srcset=\"https:\/\/blogs.unsw.edu.au\/nowideas\/files\/2023\/01\/educacion-online-elearning-300x157.jpg 300w, https:\/\/blogs.unsw.edu.au\/nowideas\/files\/2023\/01\/educacion-online-elearning-768x402.jpg 768w, https:\/\/blogs.unsw.edu.au\/nowideas\/files\/2023\/01\/educacion-online-elearning.jpg 840w\" sizes=\"auto, (max-width: 300px) 85vw, 300px\" \/><\/div><a class=\"wp-block-latest-posts__post-title\" href=\"https:\/\/blogs.unsw.edu.au\/nowideas\/blog\/2026\/04\/como-elegir-cursos-online-guia-empresarios\/\">C\u00f3mo elegir un curso online: claves para evaluar el retorno estrat\u00e9gico frente a su coste de mercado<\/a><\/li>\n<li><div class=\"wp-block-latest-posts__featured-image\"><img loading=\"lazy\" decoding=\"async\" width=\"300\" height=\"157\" src=\"https:\/\/blogs.unsw.edu.au\/nowideas\/files\/2017\/05\/Marketing-y-SEO.jpg\" class=\"attachment-medium size-medium wp-post-image\" alt=\"Marketing y SEO para vender en internet\" style=\"\" \/><\/div><a class=\"wp-block-latest-posts__post-title\" href=\"https:\/\/blogs.unsw.edu.au\/nowideas\/blog\/2026\/03\/vias-crecer-online-sin-anuncios\/\">La trampa del gasto constante: 5 estrategias para ganar visibilidad propia sin depender de los anuncios<\/a><\/li>\n<li><div class=\"wp-block-latest-posts__featured-image\"><img loading=\"lazy\" decoding=\"async\" width=\"300\" height=\"157\" src=\"https:\/\/blogs.unsw.edu.au\/nowideas\/files\/2022\/08\/criptomonedas-telefono-300x157.jpg\" class=\"attachment-medium size-medium wp-post-image\" alt=\"Ilustraci\u00f3n de inversi\u00f3n o pago en criptomonegas a trav\u00e9s de un m\u00f3vil\" style=\"\" srcset=\"https:\/\/blogs.unsw.edu.au\/nowideas\/files\/2022\/08\/criptomonedas-telefono-300x157.jpg 300w, https:\/\/blogs.unsw.edu.au\/nowideas\/files\/2022\/08\/criptomonedas-telefono-768x402.jpg 768w, https:\/\/blogs.unsw.edu.au\/nowideas\/files\/2022\/08\/criptomonedas-telefono.jpg 840w\" sizes=\"auto, (max-width: 300px) 85vw, 300px\" \/><\/div><a class=\"wp-block-latest-posts__post-title\" href=\"https:\/\/blogs.unsw.edu.au\/nowideas\/blog\/2026\/02\/evolucion-sistemas-pago-criptomonedas\/\">La evoluci\u00f3n de los sistemas de pago y el uso de criptomonedas<\/a><\/li>\n<\/ul>","protected":false},"excerpt":{"rendered":"<p>Categor\u00edas CONSEJOS HISTORIA IDEAS NOTICIAS STARTUPS<\/p>\n","protected":false},"author":72389,"featured_media":0,"parent":0,"menu_order":0,"comment_status":"closed","ping_status":"closed","template":"","meta":{"_monsterinsights_skip_tracking":false,"_monsterinsights_sitenote_active":false,"_monsterinsights_sitenote_note":"","_monsterinsights_sitenote_category":0,"footnotes":""},"class_list":["post-2809","page","type-page","status-publish","hentry"],"_links":{"self":[{"href":"https:\/\/blogs.unsw.edu.au\/nowideas\/wp-json\/wp\/v2\/pages\/2809","targetHints":{"allow":["GET"]}}],"collection":[{"href":"https:\/\/blogs.unsw.edu.au\/nowideas\/wp-json\/wp\/v2\/pages"}],"about":[{"href":"https:\/\/blogs.unsw.edu.au\/nowideas\/wp-json\/wp\/v2\/types\/page"}],"author":[{"embeddable":true,"href":"https:\/\/blogs.unsw.edu.au\/nowideas\/wp-json\/wp\/v2\/users\/72389"}],"replies":[{"embeddable":true,"href":"https:\/\/blogs.unsw.edu.au\/nowideas\/wp-json\/wp\/v2\/comments?post=2809"}],"version-history":[{"count":37,"href":"https:\/\/blogs.unsw.edu.au\/nowideas\/wp-json\/wp\/v2\/pages\/2809\/revisions"}],"predecessor-version":[{"id":5100,"href":"https:\/\/blogs.unsw.edu.au\/nowideas\/wp-json\/wp\/v2\/pages\/2809\/revisions\/5100"}],"wp:attachment":[{"href":"https:\/\/blogs.unsw.edu.au\/nowideas\/wp-json\/wp\/v2\/media?parent=2809"}],"curies":[{"name":"wp","href":"https:\/\/api.w.org\/{rel}","templated":true}]}}