{"id":206,"date":"2010-09-16T03:38:19","date_gmt":"2010-09-16T10:38:19","guid":{"rendered":"http:\/\/blogs.unsw.edu.au\/tiic\/"},"modified":"2010-11-05T18:48:21","modified_gmt":"2010-11-06T01:48:21","slug":"darryn-anstead","status":"publish","type":"page","link":"https:\/\/blogs.unsw.edu.au\/tiic\/trandisciplinary-conference-2010\/speakers\/darryn-anstead\/","title":{"rendered":"Darryn Ansted"},"content":{"rendered":"<h2><strong>Paintable, all too Paintable<\/strong><\/h2>\n<h2><strong>Ethical Aesthetics: Emmanuel L\u00e9vinas, Gerhard Richter and Auguste Rodin<\/strong><\/h2>\n<p>Richter\u2019s re-working of modernism\u2019s discourse of otherness, and particularly his deconstruction of binary difference through a pictorial post-structuralism that opens up ruptures, occlusions, loops, ambiguity and contradiction, connotes the philosophical discussions of otherness of Emmanuel L\u00e9vinas, Jacques Derrida, Hannah Arendt and Theodor Adorno. Their philosophical examinations of otherness particularly highlight the radical rethinking required for a prima facie ethical relationship with otherness, within contemporary epistemological, political, linguistic and aesthetic systems. Richter\u2019s transposition of modernism into a grammar that is fractured with otherness withdraws the speaking voice, empties icons of their iconographic power, and ultimately casts subjectivity as oriented toward an otherness that cannot be identified, but which is bound up with an ethical priority.<\/p>\n<h2>Bio<\/h2>\n<p>Dr Darryn Ansted is Coordinator of Painting at Curtin University Department of Art. He has a Bachelor of Arts, a Bachelor of Fine Arts with first class honours and a PhD from the University of Western Australia. He has exhibited around Australia and internationally in 17 group projects\/solo shows and has taught art history\/theory and studio practice units at UWA and Curtin University respectively for three years. His practice involves experimentation with colour, perception and the image. He is particularly interested in modernist strategies\u2019 potential to deconstruct ideology. He has also published on German modern and contemporary art, Australian architecture and public art, the Frankfurt school of critical theory and the theorists Jacques Derrida, Slavoj \u017di\u017eek, Hannah Arendt and Emmanuel L\u00e9vinas.<\/p>\n","protected":false},"excerpt":{"rendered":"<p>Paintable, all too Paintable Ethical Aesthetics: Emmanuel L\u00e9vinas, Gerhard Richter and Auguste Rodin Richter\u2019s re-working of modernism\u2019s discourse of otherness, and particularly his deconstruction of binary difference through a pictorial post-structuralism that opens up ruptures, occlusions, loops, ambiguity and contradiction, connotes the philosophical&hellip;<\/p>\n","protected":false},"author":104,"featured_media":0,"parent":196,"menu_order":3,"comment_status":"open","ping_status":"open","template":"","meta":{"footnotes":""},"class_list":["post-206","page","type-page","status-publish","hentry"],"_links":{"self":[{"href":"https:\/\/blogs.unsw.edu.au\/tiic\/wp-json\/wp\/v2\/pages\/206","targetHints":{"allow":["GET"]}}],"collection":[{"href":"https:\/\/blogs.unsw.edu.au\/tiic\/wp-json\/wp\/v2\/pages"}],"about":[{"href":"https:\/\/blogs.unsw.edu.au\/tiic\/wp-json\/wp\/v2\/types\/page"}],"author":[{"embeddable":true,"href":"https:\/\/blogs.unsw.edu.au\/tiic\/wp-json\/wp\/v2\/users\/104"}],"replies":[{"embeddable":true,"href":"https:\/\/blogs.unsw.edu.au\/tiic\/wp-json\/wp\/v2\/comments?post=206"}],"version-history":[{"count":7,"href":"https:\/\/blogs.unsw.edu.au\/tiic\/wp-json\/wp\/v2\/pages\/206\/revisions"}],"predecessor-version":[{"id":398,"href":"https:\/\/blogs.unsw.edu.au\/tiic\/wp-json\/wp\/v2\/pages\/206\/revisions\/398"}],"up":[{"embeddable":true,"href":"https:\/\/blogs.unsw.edu.au\/tiic\/wp-json\/wp\/v2\/pages\/196"}],"wp:attachment":[{"href":"https:\/\/blogs.unsw.edu.au\/tiic\/wp-json\/wp\/v2\/media?parent=206"}],"curies":[{"name":"wp","href":"https:\/\/api.w.org\/{rel}","templated":true}]}}