{"id":2530,"date":"2014-09-12T23:06:14","date_gmt":"2014-09-13T06:06:14","guid":{"rendered":"http:\/\/blogs.unsw.edu.au\/tiic\/?page_id=2530"},"modified":"2014-09-12T23:59:06","modified_gmt":"2014-09-13T06:59:06","slug":"roy-ascott-golden-nica-2014","status":"publish","type":"page","link":"https:\/\/blogs.unsw.edu.au\/tiic\/roy-ascott-golden-nica-2014\/","title":{"rendered":"Roy Ascott Golden NICA 2014"},"content":{"rendered":"<p>&nbsp;<\/p>\n<p style=\"text-align: center\"><a href=\"http:\/\/blogs.unsw.edu.au\/tiic\/files\/2014\/09\/IMAG2240.jpg\"><img loading=\"lazy\" decoding=\"async\" class=\"aligncenter size-full wp-image-2532\" src=\"http:\/\/blogs.unsw.edu.au\/tiic\/files\/2014\/09\/IMAG2240.jpg\" alt=\"\" width=\"581\" height=\"328\" \/><\/a><\/p>\n<p>&nbsp;<\/p>\n<p>ROY ASCOTT \u2013<\/p>\n<p>PIONEER OF MEDIA ART, TELEMATIC VISIONARY, AND PLANETARY MENTOR<\/p>\n<p>Edward A. Shanken<\/p>\n<p>&nbsp;<\/p>\n<p>&nbsp;<\/p>\n<p style=\"text-align: center\"><a href=\"http:\/\/blogs.unsw.edu.au\/tiic\/files\/2014\/09\/10491386_10152446920126715_5413876640423869743_o.jpg\"><img loading=\"lazy\" decoding=\"async\" class=\"aligncenter size-full wp-image-2531\" src=\"http:\/\/blogs.unsw.edu.au\/tiic\/files\/2014\/09\/10491386_10152446920126715_5413876640423869743_o.jpg\" alt=\"\" width=\"442\" height=\"302\" \/><\/a><\/p>\n<p>Prix Ars Electronica Panel III (Roy Ascott and Edward Shanken, moderated by Derrick de Kerckhove) Linz, Austria, 6 September 2014.<\/p>\n<p>&nbsp;<\/p>\n<p>&nbsp;<\/p>\n<p>&nbsp;<\/p>\n<p><em>Roy Ascott in my mind is a Shaman who came to this Planet Earth in the guise of an Englishman to introduce non-materialistic, and frequently taboo concepts to the West. If you saw him pass by on the street, or participated in an academic meeting with him, you would never guess what an Outlaw he is. But, his guise falls and he reveals his spirit when talking about his World View, introducing the concepts such as Vegetal Reality and creating projects that use networks to amplify our telepathic powers. This gentleman in proper clothes, speaking proper English and drinking proper tea, shape shifts when he visits the jungles of Brazil and consumes ayausca. <\/em><\/p>\n<p><em> <\/em>\u2013 Victoria Vesna<\/p>\n<p>&nbsp;<\/p>\n<p><span style=\"text-decoration: underline\">I<\/span><\/p>\n<p>&nbsp;<\/p>\n<p>It was twenty years ago, here at Ars Electronica, that I first met Roy Ascott.\u00a0 By that time, Roy already had a significant history with the festival.\u00a0 His telematic artwork <em>Ten Wings<\/em>, which was part of Robert Adrian\u2019s Golden Nica award-winning global telecommunications art project <em>The World in 24 Hours <\/em>(1982), consisted of a planetary throwing of the <em>I Ching. <\/em>The resulting hexagram was \u201cChun\u201d (difficulty at the beginning), a reading that also prophecies that \u201cif one perseveres there is the prospect of great success\u201d [<em>I Ching <\/em>1950, 16]\u00a0 Indeed, we are all here to honor Roy\u2019s great success as a visionary pioneer of media art.\u00a0 Roy won a Golden Nica in 1993 for his telematic artwork, <em>Aspects of Gaia<\/em>. Inspired by James Lovelock\u2019s notion of the Earth as a living organism, this artwork incorporated contributions of images and texts from around the world and provided a highly embodied, physical encounter with these ideas.\u00a0 Roy was commissioned to write a proposal for the Ars Electronica Center, which he conceived of as a Datapool, in 1993. In 1996, the <em>Televator<\/em> (part of that proposal) was permanently installated in the AEC. Related to the Eames\u2019 <em>Powers of Ten<\/em>, as one ascends in the <em>Televator<\/em>, projections on the floor give the impression of rising up in the sky exponentially, as Linz, Austria, Europe and the Earth itself appear to recede into the distance. As one descends, the projections return one to Earth and Linz.<\/p>\n<p>I would like to return to the idea of the artist as shaman that Victoria Vesna raised in her brilliant statement about Roy Ascott. For many people, Joseph Beuys is the archetypal contemporary artist-shaman.\u00a0 Here we see Beuys, the artist-shaman, following a renaissance model of the individual artist genius, transmitting a message, following a one-way communication model to a decidedly passive audience.\u00a0 By contrast, in his telematic artworks, like <em>La Plissure du Text <\/em>(1983), Ascott takes backstage and the principle of distributed authorship prevails.\u00a0 Here a collective, multiplex, and geographically dispersed exchange generates emergent forms of creativity and consciousness. In this regard, Ascott theories of telematic art anticipate participatory culture since the 2000s, emblematized by Wikipedia and social media.\u00a0 Beuys is the artist-shaman of the 20<sup>th<\/sup> century. Ascott is the artist-shaman of the 21<sup>st<\/sup> century.<\/p>\n<p>Although it was over twenty years ago, I clearly recall the first time I encountered the writings of Roy Ascott.\u00a0 It was for me, much like Roy described his first encounter (c. 1960) with cybernetics: \u201can Archimedean \u201c\u2018Eureka experience\u2019 &#8211;\u00a0 a visionary flash of insight in which I saw something whole, complete, and entire.\u201d As an aspiring art historian who loved figurative painting but was equally fascinated by the recent emergence of the Web and interactive CD-ROMs, Ascott opened my mind to an alternative aesthetic framework that was radically different from the conventional one I knew.\u00a0 As he noted, the \u201crecognition that art was located in an interactive system rather than residing in a material object . . . provid[ed] a discipline as central to an art of interactivity as anatomy and perspective had been to the renaissance vision.\u201d As exemplified by his unplugged <em>Change Painting <\/em>(1960) and <em>Transaction Set<\/em> (1971) in his retrospective exhibition upstairs, Roy realized over fifty years ago that in the \u201cInformation Age\u201d meaning and material value are not embedded in objects, institutions, or individuals, so much as they are abstracted in the production, manipulation and distribution of signs, which has become the new currency of interactive systems.<\/p>\n<p>Roy made it possible for me to imagine how emerging technological media were offering new tools with which the future of art would be developed, for he had been doing that for decades.\u00a0 Indeed, his praxis amounts to a substantial history of ideas in the field of media arts. But more importantly, his work extended beyond the realm of art or, rather, epitomized how art, at its best, could offer <em>a model of possible futures that people could experience in the present. <\/em><\/p>\n<p>In this respect, Ascott\u2019s telematic art and theory actually function in the present as a testing ground for what Bourriaud later described as \u201clearning to inhabit the world in a better way.\u201d So I would argue that Roy is not only a pioneer of media art but a pioneer of relational aesthetics and contemporary art in general.<\/p>\n<p>&nbsp;<\/p>\n<p>When I met Roy at Ars Electronica in 1994, I proposed editing a book of his essays. Although I had only completed my first year of graduate school, he agreed. I could hardly believe it. Entrusting his work to me was one of the greatest gifts anyone has ever given me. That gift deeply influenced my own teaching method and approach to life. And it resulted in the volume, <em>Telematic Embrace: Visionary Theories of Art, Technology, and Consciousness<\/em> (2003), which serves as an enduring testimony to Roy\u2019s pioneering contributions to media art and contemporary art in general.<\/p>\n<p>I have since learned that Roy is widely known for his generosity.\u00a0 Indeed, throughout his career, Roy\u2019s generosity as an artist, scholar, and mentor has deeply influenced innumerable artists and theorists around the world, who have spread and expanded on his ideas, a rippling effect that has had an incalculable impact on artistic practice globally.<\/p>\n<p>Joseph Kosuth stated that \u201cArt \u2018lives\u2019 through influencing other art, not by existing as the physical residue of an artist\u2019s ideas. The reason why different artists from the past are \u2018brought alive\u2019 again is because some aspect of their work became \u2018usable\u2019 by living artists.\u201d<a href=\"#_ftn1\">[1]<\/a> Extending this logic, Roy Ascott\u2019s work is more alive today than it was in 1960 or 1990, and I envision that it will be more alive in 2020 and 2050 than it is today.<\/p>\n<p>In the spirit with which Roy entrusted me with editing a collection of his writings, and also in the spirit of \u201cdistributed authorship,\u201d which is at the core of his theory of telematic art, I have entrusted some of his colleagues and students with providing insights into his influence on their own work and on media art around the world. \u00a0I am grateful for their generosity in sharing their perspectives and heartfelt sentiments.\u00a0 Their statements offer strong evidence in support of my claims about the ongoing importance and vitality of Ascott\u2019s work for decades to come.<\/p>\n<p>&nbsp;<\/p>\n<p><span style=\"text-decoration: underline\">II<\/span><\/p>\n<p><span style=\"text-decoration: underline\"> <\/span><\/p>\n<p><span style=\"text-decoration: underline\">Victoria Vesna, US<\/span><\/p>\n<p>Roy was the beginning of an entirely new journey \u2013 he opened worlds for me that no one in art schools even mentioned. Above all, he is a teacher and related to me the importance of that role \u2013 to inspire others to take unknown paths, risk being misunderstood and in the process discover the most marvelous worlds that only opening up to collective consciousness can unfold. This is his vision for the Planetary Collegium \u2013 a collective network of artists, scientists, philosophers and any other creative who ask the eternal questions of human existence and share the knowledge.<\/p>\n<p>Unbelievably, it has been almost thirty years since we met and he is still a teacher to me. Perhaps the most valuable lesson I received from Roy is the importance of joy and I have quoted him many times saying: \u201cAfter the third drink, there are no more disciplinary divisions\u201d. Ultimately, his message to the world is that we are magical creatures and relating the journey, inspiring others to join on the path of wonder is the artwork.<\/p>\n<p><span style=\"text-decoration: underline\">Paul Thomas, Australia<\/span><\/p>\n<p>I first met Roy Ascott telematically in 1983 through an art project created by Eric Gidney and Tom Klinkowstein using ARTEX (an early computing networking platform for artists). Roy was the inspirational visionary of the future who not only lived the dream but who gave that dream a reality in education.\u00a0When he lectured in Perth in 1986, I knew I had found a guide that immersed me in a telematic-mentor\u2019s embrace, and inspired my own telematic artwork You Send One (1987, with Neil Hollis and Benno Poeder). Roy\u2019s ongoing visions for the future have been remarkably profound in creating aspirational perspectives for new understandings of life in which all aspects of being human are challenged and contextualized. These visions are generous, freely given gifts at the cutting edge of contemporary art practice and syncretic educational paradigms.<\/p>\n<p><span style=\"text-decoration: underline\">Jill Scott, Switzerland<\/span><\/p>\n<p>I was one of Roy\u2019s first doctoral students back in 1994 when he founded what is now the Planetary Collegium, but we first met the mid-1970s at the San Francisco Art Institute, where (much to the faculty\u2019s amazement and consternation) he arrived as vice-president with evolved cybernetic views on education. Roy is unique thinker with a generous interest in nurturing artistic research and in the deeper questions of representation, reality and consciousness. In 2004 we collaborated on the forming of Z-node, a research arm of the Planetary Collegium, based in Zurich (www.znode.net). We now have three groups focused on cultural themes that relate to discoveries and discourses in science labs and the Z-node has graduated a dozen Ph.D.s, who extend Ascott\u2019s aesthetic and pedagogical theories around the world.<\/p>\n<p><span style=\"text-decoration: underline\">Gilbertto Prado, Brazil <\/span><\/p>\n<p>Ascott\u2019s important appearances in Brazil include Arte no S\u00e9culo XXI (1995) at Museu de Arte Contempor\u00e2nea\/Memorial da America Latina, S\u00e3o Paulo, and Inven\u00e7\u00e3o: Thinking the Next Millennium at Ita\u00fa Cultural (1999), S\u00e3o Paulo. A particularly synergetic moment was the expedition to Kuikuro\u00b4s tribe in Xingu National Park (1997) with the artists Tania Fraga, Malu Fragoso, Diana Domingues, and myself, introducing Ascott (the artistic shaman of cybernetic and telematic art) to the indigenous shaman of the rainforest, joining visionary practices and forging multicultural insights. Ascott\u2019s pioneering work as artist\/theorist\/educator have influenced many Brazilian artists, researchers and Ph.D. students at a myriad of institutions. His presence and participation in these trans- and intercultural dialogues has had vital relevance in the expansion of the field of art and technology in Brazil.<\/p>\n<p><span style=\"text-decoration: underline\">DooEun Choi, Korea<\/span><\/p>\n<p>Former creative director of Art Center Nabi (Seoul, Korea), started working as independent curator in 2012. Her recent projects include the 7th International Media Art Biennial \u201cMediacity Seoul 2012\u201d (Seoul, Korea), \u201cZERO1 Biennial\u201d (San Jose, USA), and \u201cAnima\u201d (Istanbul, Turkey). Since 2011, she has been a visiting scholar at Parsons The New School for Design in New York, USA. Ph.D. candidate, Planetary Collegium.<\/p>\n<p>Roy Ascott\u2019s insightful thoughts have inspired curators, theorists, and artists in Korea to find their own paths to media arts. The Art Center Nabi in Seoul opened in 2000 with a collaborative telematic art event that he led to create a \u2018mind bridge\u2019 between Korea and the global world. In 2002, his book Technoetic Art was published in Korean and became one of the bibles on media art, quoted by prominent Korean media theorists. Recently, a Korean university started a media art and humanities major called \u201cTechnoetic Humanities,\u201d borrowing Ascott\u2019s term. His influence in Korea is not one-way but interactive and participatory; his interests in Korean culture and spirituality and writings regarding the encounter with Korean Shamans ignited our own culture as the spirit for the future art.<\/p>\n<p><span style=\"text-decoration: underline\">Peter Anders, US<\/span><\/p>\n<p>Chair, ISEA; Principal Architect, Kayvala; Ph.D. Planetary Collegium, 2004.<\/p>\n<p>Roy Ascott has been a life-changer for me. We were introduced at a Consciousness Reframed\u00a0 conference in the \u201890s at a time when I was questioning the materialistic bias of architecture. My Ph.D. studies with Roy at CAiiA-STAR at the University of Plymouth were the best educational experience of my life, leading me to presently develop a node for its successor, the Planetary Collegium, in the US. Roy is a crucial figure in the integration of art with science, one who has identified consciousness as the substrate of both. I remember a conversation in which he defined aesthetic as being what remains when all sensible aspects of a work of art have been removed, which called to mind Buckminster Fuller\u2019s definition of synergy as the difference between the whole and the sum of its parts. Both addressed material reality on a cognitive level and in this they express science and art as a product of spiritual endeavor.<\/p>\n<p><span style=\"text-decoration: underline\">Xiaoying Juliette Yuan, China\/US<br \/>\n<\/span>Founding Editor, &#8220;Media Arts Series&#8221; Bee Publishing Company, Beijing<br \/>\nIndependent Curator, incl. &#8220;Roy Ascott: from Cybernetics to Syncretic Mind&#8221;, 2012 Shanghai Biennale, Shanghai Museum of Contemporary Art, Shanghai, China\u00a0 Oct.1, 2012 &#8211; Mar.31, 2013<br \/>\nPh.D. candidate, Planetary Collegium<\/p>\n<p>There is no better to describe Roy Ascott&#8217;s ambition and\u00a0achievement\u00a0than inspiring the world through his unique vision.\u00a0 Born with the mission of creating new knowledge, he became a pioneer of telematic art, and founded the unprecedented international platform for art, science, technology and consciousness research, the Planetary Collegium. With the foundation of the Technoetic Arts Institute at The Beijing DeTao Masters Academy, Ascott continues to innovate and challenge by introducing his vision and knowledge to China. As one of Ascott&#8217;s Ph.D. fellows, I consider him not only as an excellent professor and educator, an astonishing artist and theorist, but as a wise and lucid investigator of human mind and existence.<\/p>\n<p><span style=\"text-decoration: underline\">Jennifer Kanary Nikolov(a), Canada\/Netherlands<\/span><br \/>\nPh.D. candidate, Planetary Collegium<br \/>\nArtist researcher, Labyrinth Psychotica<\/p>\n<p>Dear Roy,<\/p>\n<p>Your ideas, your artworks, and your students have consistently produced intimidating and mouth-watering examples of artistic knowledge production, which continue to inspire and challenge young artists and scientists all over the world to embark on journeys of artistic research that are worthy of the visionary core of your excellent program.<\/p>\n<p>&nbsp;<\/p>\n<p><span style=\"text-decoration: underline\">III<\/span><\/p>\n<p>In the spirit of this year\u2019s Ars Electronica theme, \u201cWhat It Takes to Change,\u201d I would like to conclude with a little thought experiment I initiated on in May 2013, when I asked the following question on Facebook:<\/p>\n<p><em>What would the world be like if Roy Ascott&#8217;s La Plissure du Texte, 1983 sold at auction for $34.2 million instead of an abstract painting by Gerhard RIchter? In what sort of world (and artworld) would that be possible?<\/em><\/p>\n<p>&nbsp;<\/p>\n<p>The first response came from Caroline Seck Langill, who wrote, \u2018And all that money would be distributed, like the artwork\u2019. This short, sharp prod shrewdly suggested an alternative economic model based on \u2018distributed authorship\u2019, whereby royalties from the resale of a telematic artwork would be shared among the project\u2019s geographically disparate participants.<\/p>\n<p>&nbsp;<\/p>\n<p>Let\u2019s imagine a scenario in which the commercial artworld embraced Ascott&#8217;s <em>La Plissure<\/em> and its ideology of distributed authorship.\u00a0 It would be logically consistent for that artworld to express those commitments by distributing the economic wealth generated by the sale of the work.<\/p>\n<p>&nbsp;<\/p>\n<p>What, after all, could generate more cultural capital in participatory culture than making a gift of the appreciated value of an artwork, particularly an artwork that was a harbinger of participatory culture itself?\u00a0 The values of this prospective future artworld, and the larger world of which it is a part, will be very different than those currently prevailing in neo-liberal capital markets. Such a world would place a premium on collective production as well as the collective sharing of the wealth generated by that production, including its appreciated value.\u00a0 Art would not be a primarily financial investment but rather would be an investment in the cultural capital accrued by supporting visionary art. Here, the highest form of cultural capital would be garnered by the distribution of wealth rather than by the accumulation of it. And it would reward visionary investors who had the insight to acquire artworks that best exemplified an ethos of collectivity, sharing, and love that characterize Roy Ascott\u2019s artwork, aesthetic theories, and educational programs.\u00a0 By recognizing Roy Ascott as the inaugural Visionary Pioneer of Media Arts, Ars Electronica is taking an important step in this direction.<\/p>\n<p>&nbsp;<\/p>\n<p>&nbsp;<\/p>\n<div>\n<hr size=\"1\" \/>\n<div>\n<p>[1]\u00a0\u00a0\u00a0 <a href=\"#_ftnref1\"><\/a>Joseph Kosuth. 1969. \u201cArt After Philosophy\u201d <em>Studio International<\/em> &lt;http:\/\/www.ubu.com\/papers\/kosuth_philosophy.html&gt;\u00a0 Cited 15 August, 2009.<\/p>\n<p>&nbsp;<\/p>\n<\/div>\n<\/div>\n<p>&nbsp;<\/p>\n","protected":false},"excerpt":{"rendered":"<p>&nbsp; &nbsp; ROY ASCOTT \u2013 PIONEER OF MEDIA ART, TELEMATIC VISIONARY, AND PLANETARY MENTOR Edward A. Shanken &nbsp; &nbsp; Prix Ars Electronica Panel III (Roy Ascott and Edward Shanken, moderated by Derrick de Kerckhove) Linz, Austria, 6 September 2014. &nbsp; &nbsp; &nbsp; Roy&hellip;<\/p>\n","protected":false},"author":99,"featured_media":0,"parent":0,"menu_order":17,"comment_status":"closed","ping_status":"open","template":"","meta":{"footnotes":""},"class_list":["post-2530","page","type-page","status-publish","hentry"],"_links":{"self":[{"href":"https:\/\/blogs.unsw.edu.au\/tiic\/wp-json\/wp\/v2\/pages\/2530","targetHints":{"allow":["GET"]}}],"collection":[{"href":"https:\/\/blogs.unsw.edu.au\/tiic\/wp-json\/wp\/v2\/pages"}],"about":[{"href":"https:\/\/blogs.unsw.edu.au\/tiic\/wp-json\/wp\/v2\/types\/page"}],"author":[{"embeddable":true,"href":"https:\/\/blogs.unsw.edu.au\/tiic\/wp-json\/wp\/v2\/users\/99"}],"replies":[{"embeddable":true,"href":"https:\/\/blogs.unsw.edu.au\/tiic\/wp-json\/wp\/v2\/comments?post=2530"}],"version-history":[{"count":2,"href":"https:\/\/blogs.unsw.edu.au\/tiic\/wp-json\/wp\/v2\/pages\/2530\/revisions"}],"predecessor-version":[{"id":2534,"href":"https:\/\/blogs.unsw.edu.au\/tiic\/wp-json\/wp\/v2\/pages\/2530\/revisions\/2534"}],"wp:attachment":[{"href":"https:\/\/blogs.unsw.edu.au\/tiic\/wp-json\/wp\/v2\/media?parent=2530"}],"curies":[{"name":"wp","href":"https:\/\/api.w.org\/{rel}","templated":true}]}}